{"id":2780,"date":"2024-08-07T18:31:53","date_gmt":"2024-08-07T18:31:53","guid":{"rendered":"https:\/\/desarrollos-agencia.com\/a4r\/?page_id=2780"},"modified":"2024-08-07T18:49:05","modified_gmt":"2024-08-07T18:49:05","slug":"aviso-de-privacidad","status":"publish","type":"page","link":"https:\/\/desarrollos-agencia.com\/a4r\/aviso-de-privacidad\/","title":{"rendered":"Aviso de privacidad"},"content":{"rendered":"\t\t<div data-elementor-type=\"wp-page\" data-elementor-id=\"2780\" class=\"elementor elementor-2780\" data-elementor-post-type=\"page\">\n\t\t\t\t<div class=\"elementor-element elementor-element-b206bd2 e-flex e-con-boxed e-con e-parent\" data-id=\"b206bd2\" data-element_type=\"container\" data-settings=\"{&quot;background_background&quot;:&quot;classic&quot;}\">\n\t\t\t\t\t<div class=\"e-con-inner\">\n\t\t\t\t<div class=\"elementor-element elementor-element-b589c14 elementor-widget elementor-widget-heading\" data-id=\"b589c14\" data-element_type=\"widget\" data-widget_type=\"heading.default\">\n\t\t\t\t<div class=\"elementor-widget-container\">\n\t\t\t<style>\/*! elementor - v3.23.0 - 25-07-2024 *\/\n.elementor-heading-title{padding:0;margin:0;line-height:1}.elementor-widget-heading .elementor-heading-title[class*=elementor-size-]>a{color:inherit;font-size:inherit;line-height:inherit}.elementor-widget-heading .elementor-heading-title.elementor-size-small{font-size:15px}.elementor-widget-heading .elementor-heading-title.elementor-size-medium{font-size:19px}.elementor-widget-heading .elementor-heading-title.elementor-size-large{font-size:29px}.elementor-widget-heading .elementor-heading-title.elementor-size-xl{font-size:39px}.elementor-widget-heading .elementor-heading-title.elementor-size-xxl{font-size:59px}<\/style><h2 class=\"elementor-heading-title elementor-size-default\">AVISO DE PRIVACIDAD<\/h2>\t\t<\/div>\n\t\t\t\t<\/div>\n\t\t\t\t<div class=\"elementor-element elementor-element-786f36f elementor-widget elementor-widget-heading\" data-id=\"786f36f\" data-element_type=\"widget\" data-widget_type=\"heading.default\">\n\t\t\t\t<div class=\"elementor-widget-container\">\n\t\t\t<p class=\"elementor-heading-title elementor-size-default\">Home \/ Aviso de privacidad<\/p>\t\t<\/div>\n\t\t\t\t<\/div>\n\t\t\t\t\t<\/div>\n\t\t\t\t<\/div>\n\t\t<div class=\"elementor-element elementor-element-0d3f5dd e-flex e-con-boxed e-con e-parent\" data-id=\"0d3f5dd\" data-element_type=\"container\" data-settings=\"{&quot;background_background&quot;:&quot;classic&quot;}\">\n\t\t\t\t\t<div class=\"e-con-inner\">\n\t\t\t\t<div class=\"elementor-element elementor-element-8806f42 elementor-widget elementor-widget-text-editor\" data-id=\"8806f42\" data-element_type=\"widget\" data-widget_type=\"text-editor.default\">\n\t\t\t\t<div class=\"elementor-widget-container\">\n\t\t\t<style>\/*! elementor - v3.23.0 - 25-07-2024 *\/\n.elementor-widget-text-editor.elementor-drop-cap-view-stacked .elementor-drop-cap{background-color:#69727d;color:#fff}.elementor-widget-text-editor.elementor-drop-cap-view-framed .elementor-drop-cap{color:#69727d;border:3px solid;background-color:transparent}.elementor-widget-text-editor:not(.elementor-drop-cap-view-default) .elementor-drop-cap{margin-top:8px}.elementor-widget-text-editor:not(.elementor-drop-cap-view-default) .elementor-drop-cap-letter{width:1em;height:1em}.elementor-widget-text-editor .elementor-drop-cap{float:left;text-align:center;line-height:1;font-size:50px}.elementor-widget-text-editor .elementor-drop-cap-letter{display:inline-block}<\/style>\t\t\t\t<p><strong>Agency 4 Real Estate<\/strong>, agencia de marketing digital en M\u00e9xico, est\u00e1 comprometida a proteger su privacidad. Esta Declaraci\u00f3n de Privacidad est\u00e1 relacionada con el sitio Web Agency 4 Real Estate y abarca la recolecci\u00f3n de datos y su uso. Al utilizar este sitio, usted acepta las pr\u00e1cticas utilizadas en relaci\u00f3n a los datos que se describen en esta declaraci\u00f3n.<\/p><p><strong>Recolecci\u00f3n de su Informaci\u00f3n Personal<\/strong><\/p><p><em>Agency 4 Real Estate<\/em>\u00a0recolecta informaci\u00f3n de identificaci\u00f3n personal, como su direcci\u00f3n de correo electr\u00f3nico (e-mail), nombre, direcci\u00f3n del trabajo o de su casa, o su n\u00famero telef\u00f3nico.\u00a0<em>Agency 4 Real Estate<\/em>\u00a0tambi\u00e9n recaba informaci\u00f3n demogr\u00e1fica an\u00f3nima, en el sentido que no es aplicable s\u00f3lo a Usted, como por ejemplo el c\u00f3digo postal, edad, sexo, preferencias, intereses y favoritos.<\/p><p>Tambi\u00e9n existe informaci\u00f3n acerca del hardware y software de su computador personal, que se recaba autom\u00e1ticamente por\u00a0<em>Agency 4 Real Estate<\/em>. Esta informaci\u00f3n puede incluir: su direcci\u00f3n IP, tipo de explorador de Internet usado, nombres de dominio, tiempos de acceso y direcciones de sitios Web que hacen referencia a \u00e9ste. Esta informaci\u00f3n es utilizada por\u00a0<em>Agency 4 Real Estate<\/em>\u00a0para la operaci\u00f3n del servicio, para mantener la calidad del servicio prestado y para brindar estad\u00edsticas generales acerca del uso del sitio\u00a0<em>Agency 4 Real Estate.<\/em><\/p><p>Por favor tenga en cuenta que si Usted divulga directamente informaci\u00f3n de identificaci\u00f3n personal o datos privados a trav\u00e9s de las herramientas p\u00fablicas de comunicaci\u00f3n en l\u00ednea ofrecidas por\u00a0<em>Agency 4 Real Estate<\/em>, dicha informaci\u00f3n puede ser recogida y usada por otros. Nota:\u00a0<em>Agency 4 Real Estate:<\/em>\u00a0no lee ninguna de sus comunicaciones en l\u00ednea privadas.<\/p><p><em>Agency 4 Real Estate<\/em>\u00a0lo alienta a que revise las declaraciones de privacidad de otros sitios Web a los que Usted elija vincular desde\u00a0<em>Agency 4 Real Estate<\/em>\u00a0de manera que pueda comprender c\u00f3mo recogen \u00e9stos su informaci\u00f3n y si eventualmente la comparten con otros.\u00a0<em>Agency 4 Real Estate<\/em>\u00a0no es responsable por declaraciones de privacidad ni otros contenidos que se encuentren en sitios Web fuera de\u00a0<em>Agency 4 Real Estate<\/em>\u00a0y de la compa\u00f1\u00edas hermanas de sitios Web de\u00a0<em>Agency 4 Real Estate.<\/em><\/p><p><strong>Uso de \u201cCookies\u201d<\/strong><\/p><p>El sitio Web\u00a0<em>Agency 4 Real Estate,<\/em>\u00a0utiliza \u201ccookies\u201d para almacenar sus preferencias ayud\u00e1ndolo a personalizar su experiencia en l\u00ednea. Una cookie es un archivo de texto que es grabado en su disco duro por un servidor de p\u00e1ginas Web. Las cookies no pueden ser utilizadas para ejecutar programas o distribuir virus inform\u00e1ticos a su computadora. Las cookies son asignadas a Usted por el servidor en relaci\u00f3n uno-a-uno, y pueden ser le\u00eddas \u00fanicamente por un servidor miembro del dominio que emiti\u00f3 la cookie para Usted.<\/p><p>Una de las principales ventajas de las cookies es que le ahorran tiempo. El prop\u00f3sito de una cookie es informarle al servidor Web que Usted ha regresado a una p\u00e1gina espec\u00edfica. Por ejemplo, cuando Usted personaliza p\u00e1ginas en\u00a0<em>Agency 4 Real Estate<\/em>, o cuando se registra en el sitio\u00a0<em>Agency 4 Real Estate<\/em>, la cookie grabada permite al servidor Web recuperar su informaci\u00f3n espec\u00edfica en las subsiguientes visitas. Esto simplifica el proceso de registrar su informaci\u00f3n personal como direcci\u00f3n de cobro, direcci\u00f3n de env\u00edo, etc. La pr\u00f3xima vez que regrese al mimo sitio de Web\u00a0<em>Agency 4 Real Estate<\/em>, la informaci\u00f3n que Usted suministr\u00f3 anteriormente puede ser recuperada de la cookie, y as\u00ed las opciones que Usted haya personalizado en su visita anterior a\u00a0<em>Agency 4 Real Estate<\/em>\u00a0estar\u00e1n disponibles sin necesidad de que deba escribirlas nuevamente.<\/p><p>Usted tiene la posibilidad de aceptar o rechazar cookies. La mayor\u00eda de los exploradores de Internet aceptan las cookies autom\u00e1ticamente, pero si lo prefiere Usted puede modificar la configuraci\u00f3n para que las rechace. Si escoge que el explorador rechace cookies, es probable que no pueda aprovechar en su totalidad las caracter\u00edsticas interactivas de los servicios ofrecidos en\u00a0<em>Agency 4 Real Estate<\/em>\u00a0o en los sitios Web que visite.<\/p><p><strong>Uso de la informaci\u00f3n<\/strong><\/p><p>Mejora del proceso comercial.- En caso de informaci\u00f3n estad\u00edstica, datos de tratamiento interno, promociones comerciales, estudios de mercadotecnia, ofertas comerciales, encuestas, asuntos publicitarios o similares.<\/p><p>Estos Datos se usar\u00e1n para: (i) Proveerle los bienes y\/o servicios que ha solicitado o respecto de los que ha manifestado inter\u00e9s; (ii) Procurar un servicio eficiente y proveer una mejor atenci\u00f3n al usuario, as\u00ed como para mejorar su experiencia en el uso de ciertos productos y\/o servicios; (iii) Enviarle y presentarle bienes y\/o servicios que puedan resultar relevantes o atractivos, incluyendo su participaci\u00f3n en promociones, ofertas y campa\u00f1as de publicidad; (vi) Informar sobre cambios o nuevos productos o servicios que est\u00e9n relacionados con el contratado o adquirido por el cliente; (v) Dar cumplimiento a obligaciones contra\u00eddas con nuestros clientes; (vi) Evaluar la calidad del servicio, o realizar estudios internos sobre h\u00e1bitos de consumo.<\/p><p>Informaci\u00f3n de contacto o laboral.- En caso de ofertas o solicitudes de trabajo, presentaci\u00f3n de curr\u00edculums vitae u hojas de vida, expedientes laborales o cualquier otro similar, se podr\u00e1 requerir o entregar Datos tales como nombre, domicilio, tel\u00e9fonos, celulares, fax, correo electr\u00f3nico, fotograf\u00edas, informaci\u00f3n sobre grados acad\u00e9micos, lo relativo a historial acad\u00e9mico y laboral (empleos anteriores) y datos relativos a inter\u00e9s en puestos de trabajo, incluyendo aptitudes y capacidades, datos de contacto, nivel socioecon\u00f3mico y pretensiones laborales (incluyendo sueldo).<\/p><p>Estos Datos se usar\u00e1n para (i) fines internos de la Empresa, incluyendo el conservarlos como expedientes laborales dentro del \u00e1rea de Recursos Humanos de la Empresa; (ii) Procesos de contrataci\u00f3n laboral o de prestaci\u00f3n de servicios independientes; (iii) Para efecto de proporcionar referencias en caso de que otra persona o empresa solicite informes sobre posibles candidatos a un puesto, trabajo o comisi\u00f3n; (iv) Para efectos legales internos, incluyendo el cumplimiento de obligaciones de Seguridad Social o similares; (v) Para efecto de publicarlos en caso de que se requiera como parte de una estrategia de oferta de recursos humanos.<\/p><p><strong>Limitaci\u00f3n de uso y divulgaci\u00f3n de informaci\u00f3n<\/strong><\/p><p>En nuestro programa de notificaci\u00f3n de promociones, ofertas y servicios a trav\u00e9s de correo electr\u00f3nico, s\u00f3lo la Empresa tiene acceso a la informaci\u00f3n recabada. Este tipo de publicidad se realiza mediante avisos y mensajes promocionales de correo electr\u00f3nico, los cuales s\u00f3lo ser\u00e1n enviados a usted y a aquellos contactos registrados para tal prop\u00f3sito; esta indicaci\u00f3n podr\u00e1 usted modificarla en cualquier momento enviando un correo a privacidad@pautacreativa.com.mx. En los correos electr\u00f3nicos enviados, pueden incluirse ocasionalmente ofertas de terceras partes que sean nuestros socios comerciales.<\/p><p><strong>Derechos ARCO (acceso, rectificaci\u00f3n, cancelaci\u00f3n y oposici\u00f3n)<\/strong><\/p><p>La persona responsable es Carolina Guti\u00e9rrez a quien puede contactar mediante el correo electr\u00f3nico carolina@agency4realestate.com o directamente mediante tel\u00e9fono al: 993 388 2610.<\/p><p>Para ejercer sus derechos ARCO y revocar el consentimiento otorgado<\/p><p>Como titular de datos personales, el \u00abUsuario\u00bb podr\u00e1 ejercitar los derechos ARCO (acceso, cancelaci\u00f3n, rectificaci\u00f3n y oposici\u00f3n al tratamiento de sus datos personales), o bien, revocar el consentimiento que haya otorgado a la Empresa, para el tratamiento de sus datos personales, enviando directamente su solicitud a Carolina Guti\u00e9rrez a trav\u00e9s de la cuenta de correo electr\u00f3nico: carolina@agency4realestate.com<\/p><p>Dicha solicitud deber\u00e1 contener por lo menos: (a) nombre y domicilio u otro medio para comunicarle la respuesta a su solicitud; (b) los documentos que acrediten su identidad o, en su caso, la representaci\u00f3n legal; (c) la descripci\u00f3n clara y precisa de los datos personales respecto de los que se solicita ejercer alguno de los derechos ARCO, (d) la manifestaci\u00f3n expresa para revocar su consentimiento al tratamiento de sus datos personales y por tanto, para que no se usen; (d) cualquier otro elemento que facilite la localizaci\u00f3n de los datos personales.<\/p><p>Su petici\u00f3n deber\u00e1 ir acompa\u00f1ada de los fundamentos por los que solicita dicha revocaci\u00f3n y una identificaci\u00f3n oficial del titular de los datos o de su apoderado. En un plazo m\u00e1ximo de 20 (veinte) d\u00edas h\u00e1biles atenderemos su solicitud y le informaremos sobre la procedencia de la misma a trav\u00e9s del correo electr\u00f3nico del que provenga la petici\u00f3n.<\/p><p>La cancelaci\u00f3n de Datos dar\u00e1 lugar a un periodo de bloqueo tras el cual se proceder\u00e1 a la supresi\u00f3n del Dato. La Empresa podr\u00e1 conservar los Datos exclusivamente para efectos de las responsabilidades nacidas del tratamiento.<\/p><p>La Empresa solicita al usuario que actualice sus datos cada vez que \u00e9stos sufran alguna modificaci\u00f3n, ya que esto permitir\u00e1 brindarle un servicio eficiente y personalizado.<\/p><p>La Empresa no estar\u00e1 obligada a cancelar los Datos cuando:<\/p><p>Deban ser tratados por disposici\u00f3n legal;<\/p><p>Obstaculice actuaciones judiciales o administrativas vinculadas a obligaciones fiscales, la investigaci\u00f3n y persecuci\u00f3n de delitos o la actualizaci\u00f3n de sanciones administrativas;<\/p><p>Sean necesarios para proteger los intereses jur\u00eddicamente tutelados del Titular;<\/p><p>Sean necesarios para realizar una acci\u00f3n en funci\u00f3n del inter\u00e9s p\u00fablico;<\/p><p>Sean necesarios para cumplir con una obligaci\u00f3n legalmente adquirida.<\/p><p>Transferencias de informaci\u00f3n con terceros<\/p><p>La Empresa \u00fanicamente realiza remisi\u00f3n de datos para cumplir con las obligaciones contra\u00eddas con los clientes.<\/p><p>La Empresa s\u00f3lo compartir\u00e1 datos cuando haya sido requerido por orden judicial para cumplir con las disposiciones procesales.<\/p><p>Cambios en el aviso de privacidad<\/p><p>Nos reservamos el derecho de efectuar en cualquier momento modificaciones o actualizaciones al presente aviso de privacidad, para la atenci\u00f3n de novedades legislativas o jurisprudenciales, pol\u00edticas internas, nuevos requerimientos para la prestaci\u00f3n u ofrecimiento de nuestros servicios o productos y pr\u00e1cticas del mercado.<\/p><p>Estas modificaciones estar\u00e1n disponibles al p\u00fablico a trav\u00e9s de nuestra p\u00e1gina de Internet\u00a0<strong>www.agency4realestate.com<\/strong>, secci\u00f3n aviso de privacidad.<\/p><p>Aceptaci\u00f3n de los t\u00e9rminos<\/p><p>Esta declaraci\u00f3n de Privacidad est\u00e1 sujeta a los t\u00e9rminos y condiciones del sitio web de la Empresa antes descrito, lo cual constituye un acuerdo legal entre el usuario y la Empresa.<\/p><p>Si el usuario utiliza los servicios en el sitio de la Empresa, significa que ha le\u00eddo, entendido y acordado los t\u00e9rminos antes expuestos y constituye una manifestaci\u00f3n de su consentimiento para que la Empresa realice el tratamiento de sus datos, de conformidad con este Aviso de Privacidad.<\/p><p><strong>Autoridad<\/strong><\/p><p>Si el usuario considera que han sido vulnerados sus derechos respecto de la protecci\u00f3n de datos personales, tiene el derecho de acudir a la autoridad correspondiente para defender su ejercicio. La autoridad es el Instituto Nacional de Transparencia, Acceso a la Informaci\u00f3n y Protecci\u00f3n de Datos Personales (INAI), su sitio web es: www.inai.org.mx<\/p><p><strong>Fecha de la \u00faltima actualizaci\u00f3n<\/strong><\/p><p>Estimado usuario, se le notifica que el Aviso de Privacidad ha sido modificado el d\u00eda 1 de Agosto de 2021.<\/p><p><strong>Modificaciones a esta Declaraci\u00f3n<\/strong><\/p><p><em>Agency 4 Real Estate,<\/em>\u00a0podr\u00e1 ocasionalmente actualizar esta Declaraci\u00f3n de Privacidad para reflejar las sugerencias tanto de la compa\u00f1\u00eda como de los clientes. En\u00a0<em>Agency 4 Real Estate<\/em>\u00a0lo alentamos a que revise peri\u00f3dicamente esta Declaraci\u00f3n para estar informado de c\u00f3mo\u00a0<em>Agency 4 Real Estate.<\/em>\u00a0protege su informaci\u00f3n.<\/p>\t\t\t\t\t\t<\/div>\n\t\t\t\t<\/div>\n\t\t\t\t\t<\/div>\n\t\t\t\t<\/div>\n\t\t\t\t<\/div>\n\t\t","protected":false},"excerpt":{"rendered":"<p>AVISO DE PRIVACIDAD Home \/ Aviso de privacidad Agency 4 Real Estate, agencia de marketing digital en M\u00e9xico, est\u00e1 comprometida a proteger su privacidad. Esta Declaraci\u00f3n de Privacidad est\u00e1 relacionada con el sitio Web Agency 4 Real Estate y abarca la recolecci\u00f3n de datos y su uso. Al utilizar este sitio, usted acepta las pr\u00e1cticas &#8230; <a title=\"Aviso de privacidad\" class=\"read-more\" href=\"https:\/\/desarrollos-agencia.com\/a4r\/aviso-de-privacidad\/\" aria-label=\"Leer m\u00e1s sobre Aviso de privacidad\">Leer m\u00e1s<\/a><\/p>\n","protected":false},"author":2,"featured_media":0,"parent":0,"menu_order":0,"comment_status":"closed","ping_status":"closed","template":"","meta":{"footnotes":""},"class_list":["post-2780","page","type-page","status-publish"],"_links":{"self":[{"href":"https:\/\/desarrollos-agencia.com\/a4r\/wp-json\/wp\/v2\/pages\/2780"}],"collection":[{"href":"https:\/\/desarrollos-agencia.com\/a4r\/wp-json\/wp\/v2\/pages"}],"about":[{"href":"https:\/\/desarrollos-agencia.com\/a4r\/wp-json\/wp\/v2\/types\/page"}],"author":[{"embeddable":true,"href":"https:\/\/desarrollos-agencia.com\/a4r\/wp-json\/wp\/v2\/users\/2"}],"replies":[{"embeddable":true,"href":"https:\/\/desarrollos-agencia.com\/a4r\/wp-json\/wp\/v2\/comments?post=2780"}],"version-history":[{"count":25,"href":"https:\/\/desarrollos-agencia.com\/a4r\/wp-json\/wp\/v2\/pages\/2780\/revisions"}],"predecessor-version":[{"id":2820,"href":"https:\/\/desarrollos-agencia.com\/a4r\/wp-json\/wp\/v2\/pages\/2780\/revisions\/2820"}],"wp:attachment":[{"href":"https:\/\/desarrollos-agencia.com\/a4r\/wp-json\/wp\/v2\/media?parent=2780"}],"curies":[{"name":"wp","href":"https:\/\/api.w.org\/{rel}","templated":true}]}}