{"id":39,"date":"2024-07-18T17:52:02","date_gmt":"2024-07-18T17:52:02","guid":{"rendered":"https:\/\/desarrollos-agencia.com\/a4r\/?page_id=39"},"modified":"2024-09-18T21:28:08","modified_gmt":"2024-09-18T21:28:08","slug":"libreria","status":"publish","type":"page","link":"https:\/\/desarrollos-agencia.com\/a4r\/libreria\/","title":{"rendered":"LIBRER\u00cdA"},"content":{"rendered":"\t\t<div data-elementor-type=\"wp-page\" data-elementor-id=\"39\" class=\"elementor elementor-39\" data-elementor-post-type=\"page\">\n\t\t\t\t<div class=\"elementor-element elementor-element-5b50c11 e-flex e-con-boxed e-con e-parent\" data-id=\"5b50c11\" data-element_type=\"container\" data-settings=\"{&quot;background_background&quot;:&quot;classic&quot;}\">\n\t\t\t\t\t<div class=\"e-con-inner\">\n\t\t<div class=\"elementor-element elementor-element-2010803 e-con-full e-flex e-con e-child\" data-id=\"2010803\" data-element_type=\"container\">\n\t\t<div class=\"elementor-element elementor-element-475f9ab e-con-full e-flex e-con e-child\" data-id=\"475f9ab\" data-element_type=\"container\">\n\t\t\t\t<div class=\"elementor-element elementor-element-1d1e9b2 elementor-widget elementor-widget-image\" data-id=\"1d1e9b2\" data-element_type=\"widget\" data-widget_type=\"image.default\">\n\t\t\t\t<div class=\"elementor-widget-container\">\n\t\t\t<style>\/*! elementor - v3.23.0 - 25-07-2024 *\/\n.elementor-widget-image{text-align:center}.elementor-widget-image a{display:inline-block}.elementor-widget-image a img[src$=\".svg\"]{width:48px}.elementor-widget-image img{vertical-align:middle;display:inline-block}<\/style>\t\t\t\t\t\t\t\t\t\t<img fetchpriority=\"high\" decoding=\"async\" width=\"771\" height=\"642\" src=\"https:\/\/desarrollos-agencia.com\/a4r\/wp-content\/uploads\/2024\/07\/LIBRO.webp\" class=\"attachment-full size-full wp-image-680\" alt=\"\" \/>\t\t\t\t\t\t\t\t\t\t\t\t\t<\/div>\n\t\t\t\t<\/div>\n\t\t\t\t<div class=\"elementor-element elementor-element-fa95b5d elementor-widget elementor-widget-heading\" data-id=\"fa95b5d\" data-element_type=\"widget\" data-widget_type=\"heading.default\">\n\t\t\t\t<div class=\"elementor-widget-container\">\n\t\t\t<style>\/*! elementor - v3.23.0 - 25-07-2024 *\/\n.elementor-heading-title{padding:0;margin:0;line-height:1}.elementor-widget-heading .elementor-heading-title[class*=elementor-size-]>a{color:inherit;font-size:inherit;line-height:inherit}.elementor-widget-heading .elementor-heading-title.elementor-size-small{font-size:15px}.elementor-widget-heading .elementor-heading-title.elementor-size-medium{font-size:19px}.elementor-widget-heading .elementor-heading-title.elementor-size-large{font-size:29px}.elementor-widget-heading .elementor-heading-title.elementor-size-xl{font-size:39px}.elementor-widget-heading .elementor-heading-title.elementor-size-xxl{font-size:59px}<\/style><h2 class=\"elementor-heading-title elementor-size-default\">EL MEJOR BLOG PARA TU EMPRESA DE REAL ESTATE<\/h2>\t\t<\/div>\n\t\t\t\t<\/div>\n\t\t\t\t<div class=\"elementor-element elementor-element-683c6a2 elementor-widget elementor-widget-text-editor\" data-id=\"683c6a2\" data-element_type=\"widget\" data-widget_type=\"text-editor.default\">\n\t\t\t\t<div class=\"elementor-widget-container\">\n\t\t\t<style>\/*! elementor - v3.23.0 - 25-07-2024 *\/\n.elementor-widget-text-editor.elementor-drop-cap-view-stacked .elementor-drop-cap{background-color:#69727d;color:#fff}.elementor-widget-text-editor.elementor-drop-cap-view-framed .elementor-drop-cap{color:#69727d;border:3px solid;background-color:transparent}.elementor-widget-text-editor:not(.elementor-drop-cap-view-default) .elementor-drop-cap{margin-top:8px}.elementor-widget-text-editor:not(.elementor-drop-cap-view-default) .elementor-drop-cap-letter{width:1em;height:1em}.elementor-widget-text-editor .elementor-drop-cap{float:left;text-align:center;line-height:1;font-size:50px}.elementor-widget-text-editor .elementor-drop-cap-letter{display:inline-block}<\/style>\t\t\t\t<p>El Mejor Blog Inmobiliario para tu Inmobiliaria es aquel integrado por completo en tu p\u00e1gina web. Una agencia inmobiliaria debe integrar su blog inmobiliario en el dise\u00f1o de su web para lograr considerablemente m\u00e1s clientes y aumentar considerablemente las ventas.<\/p>\t\t\t\t\t\t<\/div>\n\t\t\t\t<\/div>\n\t\t\t\t<div class=\"elementor-element elementor-element-dd882ae elementor-widget elementor-widget-button\" data-id=\"dd882ae\" data-element_type=\"widget\" data-widget_type=\"button.default\">\n\t\t\t\t<div class=\"elementor-widget-container\">\n\t\t\t\t\t<div class=\"elementor-button-wrapper\">\n\t\t\t<a class=\"elementor-button elementor-button-link elementor-size-sm\" href=\"#elementor-action%3Aaction%3Dpopup%3Aopen%26settings%3DeyJpZCI6IjI3MTIiLCJ0b2dnbGUiOmZhbHNlfQ%3D%3D\">\n\t\t\t\t\t\t<span class=\"elementor-button-content-wrapper\">\n\t\t\t\t\t\t\t\t\t<span class=\"elementor-button-text\">DESCARGAR<\/span>\n\t\t\t\t\t<\/span>\n\t\t\t\t\t<\/a>\n\t\t<\/div>\n\t\t\t\t<\/div>\n\t\t\t\t<\/div>\n\t\t\t\t<\/div>\n\t\t<div class=\"elementor-element elementor-element-eeaff3a e-con-full e-flex e-con e-child\" data-id=\"eeaff3a\" data-element_type=\"container\">\n\t\t\t\t<div class=\"elementor-element elementor-element-ae44b66 elementor-widget elementor-widget-image\" data-id=\"ae44b66\" data-element_type=\"widget\" data-widget_type=\"image.default\">\n\t\t\t\t<div class=\"elementor-widget-container\">\n\t\t\t\t\t\t\t\t\t\t\t\t\t<img fetchpriority=\"high\" decoding=\"async\" width=\"771\" height=\"642\" src=\"https:\/\/desarrollos-agencia.com\/a4r\/wp-content\/uploads\/2024\/07\/LIBRO.webp\" class=\"attachment-full size-full wp-image-680\" alt=\"\" \/>\t\t\t\t\t\t\t\t\t\t\t\t\t<\/div>\n\t\t\t\t<\/div>\n\t\t\t\t<div class=\"elementor-element elementor-element-0c9fd69 elementor-widget elementor-widget-heading\" data-id=\"0c9fd69\" data-element_type=\"widget\" data-widget_type=\"heading.default\">\n\t\t\t\t<div class=\"elementor-widget-container\">\n\t\t\t<h2 class=\"elementor-heading-title elementor-size-default\">EL PODER DE TIKTOK EN EL MERCADO INMOBILIARIO<\/h2>\t\t<\/div>\n\t\t\t\t<\/div>\n\t\t\t\t<div class=\"elementor-element elementor-element-7efa6fb elementor-widget elementor-widget-text-editor\" data-id=\"7efa6fb\" data-element_type=\"widget\" data-widget_type=\"text-editor.default\">\n\t\t\t\t<div class=\"elementor-widget-container\">\n\t\t\t\t\t\t\t<p>Explora c\u00f3mo la popular plataforma de redes sociales, TikTok, est\u00e1 revolucionando la industria inmobiliaria. El contenido se centra en c\u00f3mo los agentes y profesionales del sector pueden aprovechar TikTok para promocionar propiedades de manera efectiva.<\/p>\t\t\t\t\t\t<\/div>\n\t\t\t\t<\/div>\n\t\t\t\t<div class=\"elementor-element elementor-element-6853298 elementor-widget elementor-widget-button\" data-id=\"6853298\" data-element_type=\"widget\" data-widget_type=\"button.default\">\n\t\t\t\t<div class=\"elementor-widget-container\">\n\t\t\t\t\t<div class=\"elementor-button-wrapper\">\n\t\t\t<a class=\"elementor-button elementor-button-link elementor-size-sm\" href=\"#elementor-action%3Aaction%3Dpopup%3Aopen%26settings%3DeyJpZCI6IjI3MTIiLCJ0b2dnbGUiOmZhbHNlfQ%3D%3D\">\n\t\t\t\t\t\t<span class=\"elementor-button-content-wrapper\">\n\t\t\t\t\t\t\t\t\t<span class=\"elementor-button-text\">DESCARGAR<\/span>\n\t\t\t\t\t<\/span>\n\t\t\t\t\t<\/a>\n\t\t<\/div>\n\t\t\t\t<\/div>\n\t\t\t\t<\/div>\n\t\t\t\t<\/div>\n\t\t<div class=\"elementor-element elementor-element-61c0adb e-con-full e-flex e-con e-child\" data-id=\"61c0adb\" data-element_type=\"container\">\n\t\t\t\t<div class=\"elementor-element elementor-element-f2c15f6 elementor-widget elementor-widget-image\" data-id=\"f2c15f6\" data-element_type=\"widget\" data-widget_type=\"image.default\">\n\t\t\t\t<div class=\"elementor-widget-container\">\n\t\t\t\t\t\t\t\t\t\t\t\t\t<img decoding=\"async\" width=\"370\" height=\"308\" src=\"https:\/\/desarrollos-agencia.com\/a4r\/wp-content\/uploads\/2024\/07\/El-potencial-de-Google-Ads-para-inmobiliarias.webp\" class=\"attachment-full size-full wp-image-686\" alt=\"\" \/>\t\t\t\t\t\t\t\t\t\t\t\t\t<\/div>\n\t\t\t\t<\/div>\n\t\t\t\t<div class=\"elementor-element elementor-element-7b8d69d elementor-widget elementor-widget-heading\" data-id=\"7b8d69d\" data-element_type=\"widget\" data-widget_type=\"heading.default\">\n\t\t\t\t<div class=\"elementor-widget-container\">\n\t\t\t<h2 class=\"elementor-heading-title elementor-size-default\">EL POTENCIAL DE GOOGLE ADS PARA INMOBILIARIAS<\/h2>\t\t<\/div>\n\t\t\t\t<\/div>\n\t\t\t\t<div class=\"elementor-element elementor-element-02fce31 elementor-widget elementor-widget-text-editor\" data-id=\"02fce31\" data-element_type=\"widget\" data-widget_type=\"text-editor.default\">\n\t\t\t\t<div class=\"elementor-widget-container\">\n\t\t\t\t\t\t\t<p>Piensa en qu\u00e9 palabras clave utilizar\u00e1n tus posibles clientes a la hora de comprar o vender una vivienda en tu zona. \u00bfQu\u00e9 buscar\u00e1n cuando solo quieren curiosear y ver alguna casa, departamento, terreno o proyecto comercial? \u00bfY cu\u00e1ndo est\u00e1n decididos a comprar una vivienda o lo antes posible?<\/p>\t\t\t\t\t\t<\/div>\n\t\t\t\t<\/div>\n\t\t\t\t<div class=\"elementor-element elementor-element-63c8363 elementor-widget elementor-widget-button\" data-id=\"63c8363\" data-element_type=\"widget\" data-widget_type=\"button.default\">\n\t\t\t\t<div class=\"elementor-widget-container\">\n\t\t\t\t\t<div class=\"elementor-button-wrapper\">\n\t\t\t<a class=\"elementor-button elementor-button-link elementor-size-sm\" href=\"#elementor-action%3Aaction%3Dpopup%3Aopen%26settings%3DeyJpZCI6IjI3MTIiLCJ0b2dnbGUiOmZhbHNlfQ%3D%3D\">\n\t\t\t\t\t\t<span class=\"elementor-button-content-wrapper\">\n\t\t\t\t\t\t\t\t\t<span class=\"elementor-button-text\">DESCARGAR<\/span>\n\t\t\t\t\t<\/span>\n\t\t\t\t\t<\/a>\n\t\t<\/div>\n\t\t\t\t<\/div>\n\t\t\t\t<\/div>\n\t\t\t\t<\/div>\n\t\t\t\t<\/div>\n\t\t<div class=\"elementor-element elementor-element-25c7bf4 e-con-full e-flex e-con e-child\" data-id=\"25c7bf4\" data-element_type=\"container\">\n\t\t<div class=\"elementor-element elementor-element-6c559a1 e-con-full e-flex e-con e-child\" data-id=\"6c559a1\" data-element_type=\"container\">\n\t\t\t\t<div class=\"elementor-element elementor-element-e5ba59d elementor-widget elementor-widget-image\" data-id=\"e5ba59d\" data-element_type=\"widget\" data-widget_type=\"image.default\">\n\t\t\t\t<div class=\"elementor-widget-container\">\n\t\t\t\t\t\t\t\t\t\t\t\t\t<img decoding=\"async\" width=\"370\" height=\"308\" src=\"https:\/\/desarrollos-agencia.com\/a4r\/wp-content\/uploads\/2024\/07\/PLAN-DE-MARKETING-INMOBILIARIO-MARKETING-DIGITAL-PARA-REAL-ESTATE.webp\" class=\"attachment-full size-full wp-image-687\" alt=\"\" \/>\t\t\t\t\t\t\t\t\t\t\t\t\t<\/div>\n\t\t\t\t<\/div>\n\t\t\t\t<div class=\"elementor-element elementor-element-5a8d81a elementor-widget elementor-widget-heading\" data-id=\"5a8d81a\" data-element_type=\"widget\" data-widget_type=\"heading.default\">\n\t\t\t\t<div class=\"elementor-widget-container\">\n\t\t\t<h2 class=\"elementor-heading-title elementor-size-default\">PLAN DE MARKETING INMOBILIARIO & MARKETING DIGITAL<\/h2>\t\t<\/div>\n\t\t\t\t<\/div>\n\t\t\t\t<div class=\"elementor-element elementor-element-e3adfcb elementor-widget elementor-widget-text-editor\" data-id=\"e3adfcb\" data-element_type=\"widget\" data-widget_type=\"text-editor.default\">\n\t\t\t\t<div class=\"elementor-widget-container\">\n\t\t\t\t\t\t\t<p>Un Plan de Marketing Inmobiliario consiste en un documento d\u00f3nde se recogen los objetivos y la planificaci\u00f3n de acciones y estrategias de marketing inmobiliario que vamos a realizar, tanto online como de manera tradicional. Este documento debe ser directo y aportar directrices claras y as\u00ed como objetivos.<\/p>\t\t\t\t\t\t<\/div>\n\t\t\t\t<\/div>\n\t\t\t\t<div class=\"elementor-element elementor-element-d39abe6 elementor-widget elementor-widget-button\" data-id=\"d39abe6\" data-element_type=\"widget\" data-widget_type=\"button.default\">\n\t\t\t\t<div class=\"elementor-widget-container\">\n\t\t\t\t\t<div class=\"elementor-button-wrapper\">\n\t\t\t<a class=\"elementor-button elementor-button-link elementor-size-sm\" href=\"#elementor-action%3Aaction%3Dpopup%3Aopen%26settings%3DeyJpZCI6IjI3MTIiLCJ0b2dnbGUiOmZhbHNlfQ%3D%3D\">\n\t\t\t\t\t\t<span class=\"elementor-button-content-wrapper\">\n\t\t\t\t\t\t\t\t\t<span class=\"elementor-button-text\">DESCARGAR<\/span>\n\t\t\t\t\t<\/span>\n\t\t\t\t\t<\/a>\n\t\t<\/div>\n\t\t\t\t<\/div>\n\t\t\t\t<\/div>\n\t\t\t\t<\/div>\n\t\t<div class=\"elementor-element elementor-element-2c5b740 e-con-full e-flex e-con e-child\" data-id=\"2c5b740\" data-element_type=\"container\">\n\t\t\t\t<div class=\"elementor-element elementor-element-a12c1f9 elementor-widget elementor-widget-image\" data-id=\"a12c1f9\" data-element_type=\"widget\" data-widget_type=\"image.default\">\n\t\t\t\t<div class=\"elementor-widget-container\">\n\t\t\t\t\t\t\t\t\t\t\t\t\t<img loading=\"lazy\" decoding=\"async\" width=\"370\" height=\"308\" src=\"https:\/\/desarrollos-agencia.com\/a4r\/wp-content\/uploads\/2024\/07\/Facebook-Ads-para-inmobiliarias.webp\" class=\"attachment-full size-full wp-image-688\" alt=\"\" \/>\t\t\t\t\t\t\t\t\t\t\t\t\t<\/div>\n\t\t\t\t<\/div>\n\t\t\t\t<div class=\"elementor-element elementor-element-d60062b elementor-widget elementor-widget-heading\" data-id=\"d60062b\" data-element_type=\"widget\" data-widget_type=\"heading.default\">\n\t\t\t\t<div class=\"elementor-widget-container\">\n\t\t\t<h2 class=\"elementor-heading-title elementor-size-default\">FACEBOOK ADS PARA INMOBILIARIAS<\/h2>\t\t<\/div>\n\t\t\t\t<\/div>\n\t\t\t\t<div class=\"elementor-element elementor-element-348a708 elementor-widget elementor-widget-text-editor\" data-id=\"348a708\" data-element_type=\"widget\" data-widget_type=\"text-editor.default\">\n\t\t\t\t<div class=\"elementor-widget-container\">\n\t\t\t\t\t\t\t<p>En una estrategia global de marketing inmobiliario debe incluirse acciones a trav\u00e9s de Facebook ads para inmobiliarias. Hoy no creemos que existan personas que duden de la capacidad de las redes sociales puedan ayudar a crecer tu negocio, esto siempre y cuando se ejecute de la manera adecuada.<\/p>\t\t\t\t\t\t<\/div>\n\t\t\t\t<\/div>\n\t\t\t\t<div class=\"elementor-element elementor-element-b9978ab elementor-widget elementor-widget-button\" data-id=\"b9978ab\" data-element_type=\"widget\" data-widget_type=\"button.default\">\n\t\t\t\t<div class=\"elementor-widget-container\">\n\t\t\t\t\t<div class=\"elementor-button-wrapper\">\n\t\t\t<a class=\"elementor-button elementor-button-link elementor-size-sm\" href=\"#elementor-action%3Aaction%3Dpopup%3Aopen%26settings%3DeyJpZCI6IjI3MTIiLCJ0b2dnbGUiOmZhbHNlfQ%3D%3D\">\n\t\t\t\t\t\t<span class=\"elementor-button-content-wrapper\">\n\t\t\t\t\t\t\t\t\t<span class=\"elementor-button-text\">DESCARGAR<\/span>\n\t\t\t\t\t<\/span>\n\t\t\t\t\t<\/a>\n\t\t<\/div>\n\t\t\t\t<\/div>\n\t\t\t\t<\/div>\n\t\t\t\t<\/div>\n\t\t<div class=\"elementor-element elementor-element-7f6622b e-con-full e-flex e-con e-child\" data-id=\"7f6622b\" data-element_type=\"container\">\n\t\t\t\t<div class=\"elementor-element elementor-element-4c0de04 elementor-widget elementor-widget-image\" data-id=\"4c0de04\" data-element_type=\"widget\" data-widget_type=\"image.default\">\n\t\t\t\t<div class=\"elementor-widget-container\">\n\t\t\t\t\t\t\t\t\t\t\t\t\t<img loading=\"lazy\" decoding=\"async\" width=\"370\" height=\"308\" src=\"https:\/\/desarrollos-agencia.com\/a4r\/wp-content\/uploads\/2024\/07\/SEO-inmobiliario-posicionamiento-SEO-para-Real-Estate.webp\" class=\"attachment-full size-full wp-image-701\" alt=\"\" \/>\t\t\t\t\t\t\t\t\t\t\t\t\t<\/div>\n\t\t\t\t<\/div>\n\t\t\t\t<div class=\"elementor-element elementor-element-945ccd4 elementor-widget elementor-widget-heading\" data-id=\"945ccd4\" data-element_type=\"widget\" data-widget_type=\"heading.default\">\n\t\t\t\t<div class=\"elementor-widget-container\">\n\t\t\t<h2 class=\"elementor-heading-title elementor-size-default\">SEO INMOBILIARIO & POSICIONAMIENTO PARA REAL ESTATE<\/h2>\t\t<\/div>\n\t\t\t\t<\/div>\n\t\t\t\t<div class=\"elementor-element elementor-element-f4d2065 elementor-widget elementor-widget-text-editor\" data-id=\"f4d2065\" data-element_type=\"widget\" data-widget_type=\"text-editor.default\">\n\t\t\t\t<div class=\"elementor-widget-container\">\n\t\t\t\t\t\t\t<p>El mundo online est\u00e1 dominado por grandes webs inmobiliarias: portales inmobiliarios o agregadores de anuncios. Sin una estrategia bien dise\u00f1ada de seo inmobiliario, es muy dif\u00edcil que una agencia pueda competir y ganar a los grandes para atraer tr\u00e1fico hacia su web.<\/p>\t\t\t\t\t\t<\/div>\n\t\t\t\t<\/div>\n\t\t\t\t<div class=\"elementor-element elementor-element-b71e71a elementor-widget elementor-widget-button\" data-id=\"b71e71a\" data-element_type=\"widget\" data-widget_type=\"button.default\">\n\t\t\t\t<div class=\"elementor-widget-container\">\n\t\t\t\t\t<div class=\"elementor-button-wrapper\">\n\t\t\t<a class=\"elementor-button elementor-button-link elementor-size-sm\" href=\"#elementor-action%3Aaction%3Dpopup%3Aopen%26settings%3DeyJpZCI6IjI3MTIiLCJ0b2dnbGUiOmZhbHNlfQ%3D%3D\">\n\t\t\t\t\t\t<span class=\"elementor-button-content-wrapper\">\n\t\t\t\t\t\t\t\t\t<span class=\"elementor-button-text\">DESCARGAR<\/span>\n\t\t\t\t\t<\/span>\n\t\t\t\t\t<\/a>\n\t\t<\/div>\n\t\t\t\t<\/div>\n\t\t\t\t<\/div>\n\t\t\t\t<\/div>\n\t\t\t\t<\/div>\n\t\t<div class=\"elementor-element elementor-element-1629fcf e-con-full e-flex e-con e-child\" data-id=\"1629fcf\" data-element_type=\"container\">\n\t\t<div class=\"elementor-element elementor-element-37951ae e-con-full e-flex e-con e-child\" data-id=\"37951ae\" data-element_type=\"container\">\n\t\t\t\t<div class=\"elementor-element elementor-element-5e248db elementor-widget elementor-widget-image\" data-id=\"5e248db\" data-element_type=\"widget\" data-widget_type=\"image.default\">\n\t\t\t\t<div class=\"elementor-widget-container\">\n\t\t\t\t\t\t\t\t\t\t\t\t\t<img loading=\"lazy\" decoding=\"async\" width=\"370\" height=\"308\" src=\"https:\/\/desarrollos-agencia.com\/a4r\/wp-content\/uploads\/2024\/07\/Campanas-de-marketing-digital-inmobiliario-en-buscadores.webp\" class=\"attachment-full size-full wp-image-702\" alt=\"\" \/>\t\t\t\t\t\t\t\t\t\t\t\t\t<\/div>\n\t\t\t\t<\/div>\n\t\t\t\t<div class=\"elementor-element elementor-element-1a7b7ee elementor-widget elementor-widget-heading\" data-id=\"1a7b7ee\" data-element_type=\"widget\" data-widget_type=\"heading.default\">\n\t\t\t\t<div class=\"elementor-widget-container\">\n\t\t\t<h2 class=\"elementor-heading-title elementor-size-default\">CAMPA\u00d1AS DE MARKETING DIGITAL INMOBILIARIO EN BUSCADORES.<\/h2>\t\t<\/div>\n\t\t\t\t<\/div>\n\t\t\t\t<div class=\"elementor-element elementor-element-83a4998 elementor-widget elementor-widget-text-editor\" data-id=\"83a4998\" data-element_type=\"widget\" data-widget_type=\"text-editor.default\">\n\t\t\t\t<div class=\"elementor-widget-container\">\n\t\t\t\t\t\t\t<p>En una estrategia de marketing global inmobiliario deben incluirse acciones a trav\u00e9s de Facebook ads. Hay personas que no dudan de la capacidad de las redes sociales y la publicidad, ya que ha ayudado a muchas inmobiliarias a potenciar sus captaciones y ventas.<\/p>\t\t\t\t\t\t<\/div>\n\t\t\t\t<\/div>\n\t\t\t\t<div class=\"elementor-element elementor-element-f9c184c elementor-widget elementor-widget-button\" data-id=\"f9c184c\" data-element_type=\"widget\" data-widget_type=\"button.default\">\n\t\t\t\t<div class=\"elementor-widget-container\">\n\t\t\t\t\t<div class=\"elementor-button-wrapper\">\n\t\t\t<a class=\"elementor-button elementor-button-link elementor-size-sm\" href=\"#elementor-action%3Aaction%3Dpopup%3Aopen%26settings%3DeyJpZCI6IjI3MTIiLCJ0b2dnbGUiOmZhbHNlfQ%3D%3D\">\n\t\t\t\t\t\t<span class=\"elementor-button-content-wrapper\">\n\t\t\t\t\t\t\t\t\t<span class=\"elementor-button-text\">DESCARGAR<\/span>\n\t\t\t\t\t<\/span>\n\t\t\t\t\t<\/a>\n\t\t<\/div>\n\t\t\t\t<\/div>\n\t\t\t\t<\/div>\n\t\t\t\t<\/div>\n\t\t<div class=\"elementor-element elementor-element-bf36a78 e-con-full e-flex e-con e-child\" data-id=\"bf36a78\" data-element_type=\"container\">\n\t\t\t\t<div class=\"elementor-element elementor-element-bc9ffbf elementor-widget elementor-widget-image\" data-id=\"bc9ffbf\" data-element_type=\"widget\" data-widget_type=\"image.default\">\n\t\t\t\t<div class=\"elementor-widget-container\">\n\t\t\t\t\t\t\t\t\t\t\t\t\t<img loading=\"lazy\" decoding=\"async\" width=\"370\" height=\"308\" src=\"https:\/\/desarrollos-agencia.com\/a4r\/wp-content\/uploads\/2024\/07\/Campanas-de-email-marketing-inmobiliario.-Estrategia-ganadora.webp\" class=\"attachment-full size-full wp-image-703\" alt=\"\" \/>\t\t\t\t\t\t\t\t\t\t\t\t\t<\/div>\n\t\t\t\t<\/div>\n\t\t\t\t<div class=\"elementor-element elementor-element-d0267fa elementor-widget elementor-widget-heading\" data-id=\"d0267fa\" data-element_type=\"widget\" data-widget_type=\"heading.default\">\n\t\t\t\t<div class=\"elementor-widget-container\">\n\t\t\t<h2 class=\"elementor-heading-title elementor-size-default\">CAMPA\u00d1AS DE EMAIL MARKETING INMOBILIARIO ESTRATEGIA GANADORA<\/h2>\t\t<\/div>\n\t\t\t\t<\/div>\n\t\t\t\t<div class=\"elementor-element elementor-element-0cd2aac elementor-widget elementor-widget-text-editor\" data-id=\"0cd2aac\" data-element_type=\"widget\" data-widget_type=\"text-editor.default\">\n\t\t\t\t<div class=\"elementor-widget-container\">\n\t\t\t\t\t\t\t<p>El mundo del marketing de contenidos para inmobiliarias es amplio por lo que debe buscar una agencia con la que pueda trabajar para incrementar el n\u00famero de captaciones y ventas de sus proyectos o fraccionamientos. Te mostramos los pasos para desarrollar estrategias efectivas.<\/p>\t\t\t\t\t\t<\/div>\n\t\t\t\t<\/div>\n\t\t\t\t<div class=\"elementor-element elementor-element-4717133 elementor-widget elementor-widget-button\" data-id=\"4717133\" data-element_type=\"widget\" data-widget_type=\"button.default\">\n\t\t\t\t<div class=\"elementor-widget-container\">\n\t\t\t\t\t<div class=\"elementor-button-wrapper\">\n\t\t\t<a class=\"elementor-button elementor-button-link elementor-size-sm\" href=\"#elementor-action%3Aaction%3Dpopup%3Aopen%26settings%3DeyJpZCI6IjI3MTIiLCJ0b2dnbGUiOmZhbHNlfQ%3D%3D\">\n\t\t\t\t\t\t<span class=\"elementor-button-content-wrapper\">\n\t\t\t\t\t\t\t\t\t<span class=\"elementor-button-text\">DESCARGAR<\/span>\n\t\t\t\t\t<\/span>\n\t\t\t\t\t<\/a>\n\t\t<\/div>\n\t\t\t\t<\/div>\n\t\t\t\t<\/div>\n\t\t\t\t<\/div>\n\t\t<div class=\"elementor-element elementor-element-fb8d298 e-con-full e-flex e-con e-child\" data-id=\"fb8d298\" data-element_type=\"container\">\n\t\t\t\t<\/div>\n\t\t\t\t<\/div>\n\t\t\t\t\t<\/div>\n\t\t\t\t<\/div>\n\t\t\t\t<\/div>\n\t\t","protected":false},"excerpt":{"rendered":"<p>EL MEJOR BLOG PARA TU EMPRESA DE REAL ESTATE El Mejor Blog Inmobiliario para tu Inmobiliaria es aquel integrado por completo en tu p\u00e1gina web. Una agencia inmobiliaria debe integrar su blog inmobiliario en el dise\u00f1o de su web para lograr considerablemente m\u00e1s clientes y aumentar considerablemente las ventas. DESCARGAR EL PODER DE TIKTOK EN &#8230; <a title=\"LIBRER\u00cdA\" class=\"read-more\" href=\"https:\/\/desarrollos-agencia.com\/a4r\/libreria\/\" aria-label=\"Leer m\u00e1s sobre LIBRER\u00cdA\">Leer m\u00e1s<\/a><\/p>\n","protected":false},"author":2,"featured_media":0,"parent":0,"menu_order":0,"comment_status":"closed","ping_status":"closed","template":"elementor_header_footer","meta":{"footnotes":""},"class_list":["post-39","page","type-page","status-publish"],"_links":{"self":[{"href":"https:\/\/desarrollos-agencia.com\/a4r\/wp-json\/wp\/v2\/pages\/39"}],"collection":[{"href":"https:\/\/desarrollos-agencia.com\/a4r\/wp-json\/wp\/v2\/pages"}],"about":[{"href":"https:\/\/desarrollos-agencia.com\/a4r\/wp-json\/wp\/v2\/types\/page"}],"author":[{"embeddable":true,"href":"https:\/\/desarrollos-agencia.com\/a4r\/wp-json\/wp\/v2\/users\/2"}],"replies":[{"embeddable":true,"href":"https:\/\/desarrollos-agencia.com\/a4r\/wp-json\/wp\/v2\/comments?post=39"}],"version-history":[{"count":64,"href":"https:\/\/desarrollos-agencia.com\/a4r\/wp-json\/wp\/v2\/pages\/39\/revisions"}],"predecessor-version":[{"id":3502,"href":"https:\/\/desarrollos-agencia.com\/a4r\/wp-json\/wp\/v2\/pages\/39\/revisions\/3502"}],"wp:attachment":[{"href":"https:\/\/desarrollos-agencia.com\/a4r\/wp-json\/wp\/v2\/media?parent=39"}],"curies":[{"name":"wp","href":"https:\/\/api.w.org\/{rel}","templated":true}]}}