{"id":49,"date":"2024-07-18T17:57:15","date_gmt":"2024-07-18T17:57:15","guid":{"rendered":"https:\/\/desarrollos-agencia.com\/a4r\/?page_id=49"},"modified":"2024-07-19T19:41:45","modified_gmt":"2024-07-19T19:41:45","slug":"brading-identidad-de-marca","status":"publish","type":"page","link":"https:\/\/desarrollos-agencia.com\/a4r\/brading-identidad-de-marca\/","title":{"rendered":"Brading\/Identidad de Marca"},"content":{"rendered":"\t\t<div data-elementor-type=\"wp-page\" data-elementor-id=\"49\" class=\"elementor elementor-49\" data-elementor-post-type=\"page\">\n\t\t\t\t<div class=\"elementor-element elementor-element-54312c2 elementor-hidden-desktop elementor-hidden-tablet e-flex e-con-boxed e-con e-parent\" data-id=\"54312c2\" data-element_type=\"container\" data-settings=\"{&quot;background_background&quot;:&quot;classic&quot;}\">\n\t\t\t\t\t<div class=\"e-con-inner\">\n\t\t\t\t<div class=\"elementor-element elementor-element-cf206a5 elementor-widget elementor-widget-button\" data-id=\"cf206a5\" data-element_type=\"widget\" data-widget_type=\"button.default\">\n\t\t\t\t<div class=\"elementor-widget-container\">\n\t\t\t\t\t<div class=\"elementor-button-wrapper\">\n\t\t\t<a class=\"elementor-button elementor-button-link elementor-size-sm\" href=\"https:\/\/desarrollos-agencia.com\/a4r\/servicios\/\">\n\t\t\t\t\t\t<span class=\"elementor-button-content-wrapper\">\n\t\t\t\t\t\t<span class=\"elementor-button-icon\">\n\t\t\t\t<svg aria-hidden=\"true\" class=\"e-font-icon-svg e-fas-arrow-left\" viewBox=\"0 0 448 512\" xmlns=\"http:\/\/www.w3.org\/2000\/svg\"><path d=\"M257.5 445.1l-22.2 22.2c-9.4 9.4-24.6 9.4-33.9 0L7 273c-9.4-9.4-9.4-24.6 0-33.9L201.4 44.7c9.4-9.4 24.6-9.4 33.9 0l22.2 22.2c9.5 9.5 9.3 25-.4 34.3L136.6 216H424c13.3 0 24 10.7 24 24v32c0 13.3-10.7 24-24 24H136.6l120.5 114.8c9.8 9.3 10 24.8.4 34.3z\"><\/path><\/svg>\t\t\t<\/span>\n\t\t\t\t\t\t\t\t\t<span class=\"elementor-button-text\">Servicios<\/span>\n\t\t\t\t\t<\/span>\n\t\t\t\t\t<\/a>\n\t\t<\/div>\n\t\t\t\t<\/div>\n\t\t\t\t<\/div>\n\t\t\t\t\t<\/div>\n\t\t\t\t<\/div>\n\t\t<div class=\"elementor-element elementor-element-efdaa7f e-flex e-con-boxed e-con e-parent\" data-id=\"efdaa7f\" data-element_type=\"container\" data-settings=\"{&quot;background_background&quot;:&quot;classic&quot;}\">\n\t\t\t\t\t<div class=\"e-con-inner\">\n\t\t\t\t<div class=\"elementor-element elementor-element-e3735af elementor-widget elementor-widget-heading\" data-id=\"e3735af\" data-element_type=\"widget\" data-widget_type=\"heading.default\">\n\t\t\t\t<div class=\"elementor-widget-container\">\n\t\t\t<style>\/*! elementor - v3.23.0 - 25-07-2024 *\/\n.elementor-heading-title{padding:0;margin:0;line-height:1}.elementor-widget-heading .elementor-heading-title[class*=elementor-size-]>a{color:inherit;font-size:inherit;line-height:inherit}.elementor-widget-heading .elementor-heading-title.elementor-size-small{font-size:15px}.elementor-widget-heading .elementor-heading-title.elementor-size-medium{font-size:19px}.elementor-widget-heading .elementor-heading-title.elementor-size-large{font-size:29px}.elementor-widget-heading .elementor-heading-title.elementor-size-xl{font-size:39px}.elementor-widget-heading .elementor-heading-title.elementor-size-xxl{font-size:59px}<\/style><h2 class=\"elementor-heading-title elementor-size-default\">BRANDING\/IDENTIDAD DE MARCA<\/h2>\t\t<\/div>\n\t\t\t\t<\/div>\n\t\t\t\t<div class=\"elementor-element elementor-element-b0faad7 elementor-widget elementor-widget-text-editor\" data-id=\"b0faad7\" data-element_type=\"widget\" data-widget_type=\"text-editor.default\">\n\t\t\t\t<div class=\"elementor-widget-container\">\n\t\t\t<style>\/*! elementor - v3.23.0 - 25-07-2024 *\/\n.elementor-widget-text-editor.elementor-drop-cap-view-stacked .elementor-drop-cap{background-color:#69727d;color:#fff}.elementor-widget-text-editor.elementor-drop-cap-view-framed .elementor-drop-cap{color:#69727d;border:3px solid;background-color:transparent}.elementor-widget-text-editor:not(.elementor-drop-cap-view-default) .elementor-drop-cap{margin-top:8px}.elementor-widget-text-editor:not(.elementor-drop-cap-view-default) .elementor-drop-cap-letter{width:1em;height:1em}.elementor-widget-text-editor .elementor-drop-cap{float:left;text-align:center;line-height:1;font-size:50px}.elementor-widget-text-editor .elementor-drop-cap-letter{display:inline-block}<\/style>\t\t\t\t<div class=\"qodef-shortcode qodef-m  qodef-section-title qodef-alignment--center \"><p class=\"qodef-m-text\">Dos conceptos sumamente importantes, donde el Branding est\u00e1 enfocado a las emociones y la relaci\u00f3n entre el consumidor y empresa o marca, y la Identidad de marca, es sobre la misma, en su forma de comunicaci\u00f3n visual con el mundo.<\/p><\/div><div class=\"qodef-shortcode qodef-m  qodef-section-title qodef-alignment--center \"><p class=\"qodef-m-text\">Te ayudamos a crear conceptos para tus desarrollos, contando la historia de los mismos. Desde la propuesta de nombre, logotipos, identidad de marca y creaci\u00f3n de la arquitectura de marca.<\/p><\/div>\t\t\t\t\t\t<\/div>\n\t\t\t\t<\/div>\n\t\t\t\t<div class=\"elementor-element elementor-element-9de67f9 e-n-tabs-mobile elementor-widget elementor-widget-n-tabs\" data-id=\"9de67f9\" data-element_type=\"widget\" data-widget_type=\"nested-tabs.default\">\n\t\t\t\t<div class=\"elementor-widget-container\">\n\t\t\t\t\t<div class=\"e-n-tabs\" data-widget-number=\"165570553\" aria-label=\"Pesta\u00f1as. Abre elementos con Intro o Espacio, ci\u00e9rralos con Escape y navega con las fechas.\">\n\t\t\t<div class=\"e-n-tabs-heading\" role=\"tablist\">\n\t\t\t\t\t<button id=\"e-n-tab-title-1655705531\" class=\"e-n-tab-title\" aria-selected=\"true\" data-tab-index=\"1\" role=\"tab\" tabindex=\"0\" aria-controls=\"e-n-tab-content-1655705531\" style=\"--n-tabs-title-order: 1;\">\n\t\t\t\t\t\t<span class=\"e-n-tab-title-text\">\n\t\t\t\tSTORYTELLING\t\t\t<\/span>\n\t\t<\/button>\n\t\t\t\t<button id=\"e-n-tab-title-1655705532\" class=\"e-n-tab-title\" aria-selected=\"false\" data-tab-index=\"2\" role=\"tab\" tabindex=\"-1\" aria-controls=\"e-n-tab-content-1655705532\" style=\"--n-tabs-title-order: 2;\">\n\t\t\t\t\t\t<span class=\"e-n-tab-title-text\">\n\t\t\t\tARQUITECTURA DE MARCA\t\t\t<\/span>\n\t\t<\/button>\n\t\t\t\t<button id=\"e-n-tab-title-1655705533\" class=\"e-n-tab-title\" aria-selected=\"false\" data-tab-index=\"3\" role=\"tab\" tabindex=\"-1\" aria-controls=\"e-n-tab-content-1655705533\" style=\"--n-tabs-title-order: 3;\">\n\t\t\t\t\t\t<span class=\"e-n-tab-title-text\">\n\t\t\t\tNAMING\t\t\t<\/span>\n\t\t<\/button>\n\t\t\t\t<button id=\"e-n-tab-title-1655705534\" class=\"e-n-tab-title\" aria-selected=\"false\" data-tab-index=\"4\" role=\"tab\" tabindex=\"-1\" aria-controls=\"e-n-tab-content-1655705534\" style=\"--n-tabs-title-order: 4;\">\n\t\t\t\t\t\t<span class=\"e-n-tab-title-text\">\n\t\t\t\tLOGOTIPO\t\t\t<\/span>\n\t\t<\/button>\n\t\t\t\t<button id=\"e-n-tab-title-1655705535\" class=\"e-n-tab-title\" aria-selected=\"false\" data-tab-index=\"5\" role=\"tab\" tabindex=\"-1\" aria-controls=\"e-n-tab-content-1655705535\" style=\"--n-tabs-title-order: 5;\">\n\t\t\t\t\t\t<span class=\"e-n-tab-title-text\">\n\t\t\t\tBRAND BOOK\t\t\t<\/span>\n\t\t<\/button>\n\t\t\t\t\t<\/div>\n\t\t\t<div class=\"e-n-tabs-content\">\n\t\t\t\t<div id=\"e-n-tab-content-1655705531\" role=\"tabpanel\" aria-labelledby=\"e-n-tab-title-1655705531\" data-tab-index=\"1\" style=\"--n-tabs-title-order: 1;\" class=\"e-active elementor-element elementor-element-ac62af0 e-con-full e-flex e-con e-child\" data-id=\"ac62af0\" data-element_type=\"container\">\n\t\t<div class=\"elementor-element elementor-element-4a870af e-flex e-con-boxed e-con e-child\" data-id=\"4a870af\" data-element_type=\"container\">\n\t\t\t\t\t<div class=\"e-con-inner\">\n\t\t\t\t<div class=\"elementor-element elementor-element-72853b2 elementor-widget elementor-widget-image\" data-id=\"72853b2\" data-element_type=\"widget\" data-widget_type=\"image.default\">\n\t\t\t\t<div class=\"elementor-widget-container\">\n\t\t\t<style>\/*! elementor - v3.23.0 - 25-07-2024 *\/\n.elementor-widget-image{text-align:center}.elementor-widget-image a{display:inline-block}.elementor-widget-image a img[src$=\".svg\"]{width:48px}.elementor-widget-image img{vertical-align:middle;display:inline-block}<\/style>\t\t\t\t\t\t\t\t\t\t<img fetchpriority=\"high\" decoding=\"async\" width=\"1024\" height=\"595\" src=\"https:\/\/desarrollos-agencia.com\/a4r\/wp-content\/uploads\/2024\/07\/STORYTELLING.webp\" class=\"attachment-full size-full wp-image-440\" alt=\"\" \/>\t\t\t\t\t\t\t\t\t\t\t\t\t<\/div>\n\t\t\t\t<\/div>\n\t\t\t\t<div class=\"elementor-element elementor-element-9b9c954 elementor-widget elementor-widget-text-editor\" data-id=\"9b9c954\" data-element_type=\"widget\" data-widget_type=\"text-editor.default\">\n\t\t\t\t<div class=\"elementor-widget-container\">\n\t\t\t\t\t\t\t<p class=\"qodef-e-text\">Las historias se han convertido en un elemento esencial en las marcas, ya que se ha convertido en una herramienta para conectarnos con el p\u00fablico, crear un v\u00ednculo emocional entre el protagonista y el h\u00e9roe.<\/p>\t\t\t\t\t\t<\/div>\n\t\t\t\t<\/div>\n\t\t\t\t<div class=\"elementor-element elementor-element-fd52ac2 elementor-hidden-mobile elementor-widget elementor-widget-button\" data-id=\"fd52ac2\" data-element_type=\"widget\" data-widget_type=\"button.default\">\n\t\t\t\t<div class=\"elementor-widget-container\">\n\t\t\t\t\t<div class=\"elementor-button-wrapper\">\n\t\t\t<a class=\"elementor-button elementor-button-link elementor-size-sm\" href=\"https:\/\/desarrollos-agencia.com\/a4r\/contacto\/\">\n\t\t\t\t\t\t<span class=\"elementor-button-content-wrapper\">\n\t\t\t\t\t\t\t\t\t<span class=\"elementor-button-text\">CONT\u00c1CTANOS<\/span>\n\t\t\t\t\t<\/span>\n\t\t\t\t\t<\/a>\n\t\t<\/div>\n\t\t\t\t<\/div>\n\t\t\t\t<\/div>\n\t\t\t\t\t<\/div>\n\t\t\t\t<\/div>\n\t\t\t\t<\/div>\n\t\t<div id=\"e-n-tab-content-1655705532\" role=\"tabpanel\" aria-labelledby=\"e-n-tab-title-1655705532\" data-tab-index=\"2\" style=\"--n-tabs-title-order: 2;\" class=\" elementor-element elementor-element-74699c2 e-con-full e-flex e-con e-child\" data-id=\"74699c2\" data-element_type=\"container\">\n\t\t<div class=\"elementor-element elementor-element-dd05c4a e-flex e-con-boxed e-con e-child\" data-id=\"dd05c4a\" data-element_type=\"container\">\n\t\t\t\t\t<div class=\"e-con-inner\">\n\t\t\t\t<div class=\"elementor-element elementor-element-70aed1b elementor-widget elementor-widget-image\" data-id=\"70aed1b\" data-element_type=\"widget\" data-widget_type=\"image.default\">\n\t\t\t\t<div class=\"elementor-widget-container\">\n\t\t\t\t\t\t\t\t\t\t\t\t\t<img decoding=\"async\" width=\"1024\" height=\"595\" src=\"https:\/\/desarrollos-agencia.com\/a4r\/wp-content\/uploads\/2024\/07\/ARQUITECTURA-DE-MARCA.webp\" class=\"attachment-full size-full wp-image-468\" alt=\"\" \/>\t\t\t\t\t\t\t\t\t\t\t\t\t<\/div>\n\t\t\t\t<\/div>\n\t\t\t\t\t<\/div>\n\t\t\t\t<\/div>\n\t\t\t\t<div class=\"elementor-element elementor-element-dc8080e elementor-widget elementor-widget-text-editor\" data-id=\"dc8080e\" data-element_type=\"widget\" data-widget_type=\"text-editor.default\">\n\t\t\t\t<div class=\"elementor-widget-container\">\n\t\t\t\t\t\t\t<p class=\"qodef-e-text\">Te ayudamos a desarrollar esta parte fundamental de la estrategia de Branding y la estructura de portafolio de marcas, logrando unificar, organizar y alinear de acuerdo al valor de la marca, que promuevan el crecimiento.<\/p>\t\t\t\t\t\t<\/div>\n\t\t\t\t<\/div>\n\t\t\t\t<div class=\"elementor-element elementor-element-632dd59 elementor-hidden-mobile elementor-widget elementor-widget-button\" data-id=\"632dd59\" data-element_type=\"widget\" data-widget_type=\"button.default\">\n\t\t\t\t<div class=\"elementor-widget-container\">\n\t\t\t\t\t<div class=\"elementor-button-wrapper\">\n\t\t\t<a class=\"elementor-button elementor-button-link elementor-size-sm\" href=\"https:\/\/desarrollos-agencia.com\/a4r\/contacto\/\">\n\t\t\t\t\t\t<span class=\"elementor-button-content-wrapper\">\n\t\t\t\t\t\t\t\t\t<span class=\"elementor-button-text\">CONT\u00c1CTANOS<\/span>\n\t\t\t\t\t<\/span>\n\t\t\t\t\t<\/a>\n\t\t<\/div>\n\t\t\t\t<\/div>\n\t\t\t\t<\/div>\n\t\t\t\t<\/div>\n\t\t<div id=\"e-n-tab-content-1655705533\" role=\"tabpanel\" aria-labelledby=\"e-n-tab-title-1655705533\" data-tab-index=\"3\" style=\"--n-tabs-title-order: 3;\" class=\" elementor-element elementor-element-136a0d5 e-con-full e-flex e-con e-child\" data-id=\"136a0d5\" data-element_type=\"container\">\n\t\t<div class=\"elementor-element elementor-element-43d68c6 e-flex e-con-boxed e-con e-child\" data-id=\"43d68c6\" data-element_type=\"container\">\n\t\t\t\t\t<div class=\"e-con-inner\">\n\t\t\t\t<div class=\"elementor-element elementor-element-99790f9 elementor-widget elementor-widget-image\" data-id=\"99790f9\" data-element_type=\"widget\" data-widget_type=\"image.default\">\n\t\t\t\t<div class=\"elementor-widget-container\">\n\t\t\t\t\t\t\t\t\t\t\t\t\t<img decoding=\"async\" width=\"1024\" height=\"595\" src=\"https:\/\/desarrollos-agencia.com\/a4r\/wp-content\/uploads\/2024\/07\/NAMING.webp\" class=\"attachment-full size-full wp-image-478\" alt=\"\" \/>\t\t\t\t\t\t\t\t\t\t\t\t\t<\/div>\n\t\t\t\t<\/div>\n\t\t\t\t<div class=\"elementor-element elementor-element-f306245 elementor-widget elementor-widget-text-editor\" data-id=\"f306245\" data-element_type=\"widget\" data-widget_type=\"text-editor.default\">\n\t\t\t\t<div class=\"elementor-widget-container\">\n\t\t\t\t\t\t\t<p class=\"qodef-e-text\">El nombre es solo el comienzo de un nuevo viaje, es la forma de acortar tu historia y ser tu diferenciador de la competencia mientras se mantiene fiel a los valores que aprecia. Logramos el objetivo en donde el nombre y la identidad trabajen de manera conjunta y coherente, y con ello, asociarla directamente con la experiencia. El nombre debe convertirse en la marca y la marca en el nombre.<\/p>\t\t\t\t\t\t<\/div>\n\t\t\t\t<\/div>\n\t\t\t\t<div class=\"elementor-element elementor-element-26adc69 elementor-hidden-mobile elementor-widget elementor-widget-button\" data-id=\"26adc69\" data-element_type=\"widget\" data-widget_type=\"button.default\">\n\t\t\t\t<div class=\"elementor-widget-container\">\n\t\t\t\t\t<div class=\"elementor-button-wrapper\">\n\t\t\t<a class=\"elementor-button elementor-button-link elementor-size-sm\" href=\"https:\/\/desarrollos-agencia.com\/a4r\/contacto\/\">\n\t\t\t\t\t\t<span class=\"elementor-button-content-wrapper\">\n\t\t\t\t\t\t\t\t\t<span class=\"elementor-button-text\">CONT\u00c1CTANOS<\/span>\n\t\t\t\t\t<\/span>\n\t\t\t\t\t<\/a>\n\t\t<\/div>\n\t\t\t\t<\/div>\n\t\t\t\t<\/div>\n\t\t\t\t\t<\/div>\n\t\t\t\t<\/div>\n\t\t\t\t<\/div>\n\t\t<div id=\"e-n-tab-content-1655705534\" role=\"tabpanel\" aria-labelledby=\"e-n-tab-title-1655705534\" data-tab-index=\"4\" style=\"--n-tabs-title-order: 4;\" class=\" elementor-element elementor-element-f665980 e-flex e-con-boxed e-con e-child\" data-id=\"f665980\" data-element_type=\"container\">\n\t\t\t\t\t<div class=\"e-con-inner\">\n\t\t<div class=\"elementor-element elementor-element-e6e68a5 e-con-full e-flex e-con e-child\" data-id=\"e6e68a5\" data-element_type=\"container\">\n\t\t\t\t<div class=\"elementor-element elementor-element-8ae9d50 elementor-widget elementor-widget-image\" data-id=\"8ae9d50\" data-element_type=\"widget\" data-widget_type=\"image.default\">\n\t\t\t\t<div class=\"elementor-widget-container\">\n\t\t\t\t\t\t\t\t\t\t\t\t\t<img loading=\"lazy\" decoding=\"async\" width=\"1024\" height=\"595\" src=\"https:\/\/desarrollos-agencia.com\/a4r\/wp-content\/uploads\/2024\/07\/LOGO.webp\" class=\"attachment-full size-full wp-image-482\" alt=\"\" \/>\t\t\t\t\t\t\t\t\t\t\t\t\t<\/div>\n\t\t\t\t<\/div>\n\t\t\t\t<div class=\"elementor-element elementor-element-be10717 elementor-widget elementor-widget-text-editor\" data-id=\"be10717\" data-element_type=\"widget\" data-widget_type=\"text-editor.default\">\n\t\t\t\t<div class=\"elementor-widget-container\">\n\t\t\t\t\t\t\t<p class=\"qodef-e-text\">\u00bfQu\u00e9 quieres transmitir al p\u00fablico? Es el elemento m\u00e1s memorable para el consumidor, es la forma o el s\u00edmbolo que les ayudar\u00e1 a relacionarse con tu marca, tambi\u00e9n es el elemento clave al construir la identidad de la marca y ser\u00e1 lo primero que ver\u00e1n los consumidores.<\/p>\t\t\t\t\t\t<\/div>\n\t\t\t\t<\/div>\n\t\t\t\t<div class=\"elementor-element elementor-element-98379ee elementor-hidden-mobile elementor-widget elementor-widget-button\" data-id=\"98379ee\" data-element_type=\"widget\" data-widget_type=\"button.default\">\n\t\t\t\t<div class=\"elementor-widget-container\">\n\t\t\t\t\t<div class=\"elementor-button-wrapper\">\n\t\t\t<a class=\"elementor-button elementor-button-link elementor-size-sm\" href=\"https:\/\/desarrollos-agencia.com\/a4r\/contacto\/\">\n\t\t\t\t\t\t<span class=\"elementor-button-content-wrapper\">\n\t\t\t\t\t\t\t\t\t<span class=\"elementor-button-text\">CONT\u00c1CTANOS<\/span>\n\t\t\t\t\t<\/span>\n\t\t\t\t\t<\/a>\n\t\t<\/div>\n\t\t\t\t<\/div>\n\t\t\t\t<\/div>\n\t\t\t\t<\/div>\n\t\t\t\t\t<\/div>\n\t\t\t\t<\/div>\n\t\t<div id=\"e-n-tab-content-1655705535\" role=\"tabpanel\" aria-labelledby=\"e-n-tab-title-1655705535\" data-tab-index=\"5\" style=\"--n-tabs-title-order: 5;\" class=\" elementor-element elementor-element-60de745 e-flex e-con-boxed e-con e-child\" data-id=\"60de745\" data-element_type=\"container\">\n\t\t\t\t\t<div class=\"e-con-inner\">\n\t\t<div class=\"elementor-element elementor-element-bbeac01 e-con-full e-flex e-con e-child\" data-id=\"bbeac01\" data-element_type=\"container\">\n\t\t\t\t<div class=\"elementor-element elementor-element-b4fb439 elementor-widget elementor-widget-image\" data-id=\"b4fb439\" data-element_type=\"widget\" data-widget_type=\"image.default\">\n\t\t\t\t<div class=\"elementor-widget-container\">\n\t\t\t\t\t\t\t\t\t\t\t\t\t<img loading=\"lazy\" decoding=\"async\" width=\"1024\" height=\"595\" src=\"https:\/\/desarrollos-agencia.com\/a4r\/wp-content\/uploads\/2024\/07\/BRANDBOOK.webp\" class=\"attachment-full size-full wp-image-486\" alt=\"\" \/>\t\t\t\t\t\t\t\t\t\t\t\t\t<\/div>\n\t\t\t\t<\/div>\n\t\t\t\t<\/div>\n\t\t\t\t<div class=\"elementor-element elementor-element-4b9eb70 elementor-widget elementor-widget-text-editor\" data-id=\"4b9eb70\" data-element_type=\"widget\" data-widget_type=\"text-editor.default\">\n\t\t\t\t<div class=\"elementor-widget-container\">\n\t\t\t\t\t\t\t<p class=\"qodef-e-text\">Construimos la identidad de tu marca de manera s\u00f3lida, considerando la filosof\u00eda y el storytelling para la generaci\u00f3n de la l\u00ednea gr\u00e1fica, la cual deber\u00e1 de transmitir el mensaje consistente al protagonista (posible cliente) en los diferentes materiales visuales, tanto offline como online. -Identidad visual y verbal -Material institucional -Brochures y carpetas de ventas -Artes para redes sociales -Impresos (flyers, ficha t\u00e9cnica, espectaculares) -Material POP.<\/p>\t\t\t\t\t\t<\/div>\n\t\t\t\t<\/div>\n\t\t\t\t<div class=\"elementor-element elementor-element-ba4e80f elementor-hidden-mobile elementor-widget elementor-widget-button\" data-id=\"ba4e80f\" data-element_type=\"widget\" data-widget_type=\"button.default\">\n\t\t\t\t<div class=\"elementor-widget-container\">\n\t\t\t\t\t<div class=\"elementor-button-wrapper\">\n\t\t\t<a class=\"elementor-button elementor-button-link elementor-size-sm\" href=\"https:\/\/desarrollos-agencia.com\/a4r\/contacto\/\">\n\t\t\t\t\t\t<span class=\"elementor-button-content-wrapper\">\n\t\t\t\t\t\t\t\t\t<span class=\"elementor-button-text\">CONT\u00c1CTANOS<\/span>\n\t\t\t\t\t<\/span>\n\t\t\t\t\t<\/a>\n\t\t<\/div>\n\t\t\t\t<\/div>\n\t\t\t\t<\/div>\n\t\t\t\t\t<\/div>\n\t\t\t\t<\/div>\n\t\t\t\t\t<\/div>\n\t\t<\/div>\n\t\t\t\t<\/div>\n\t\t\t\t<\/div>\n\t\t\t\t\t<\/div>\n\t\t\t\t<\/div>\n\t\t\t\t<\/div>\n\t\t","protected":false},"excerpt":{"rendered":"<p>Servicios BRANDING\/IDENTIDAD DE MARCA Dos conceptos sumamente importantes, donde el Branding est\u00e1 enfocado a las emociones y la relaci\u00f3n entre el consumidor y empresa o marca, y la Identidad de marca, es sobre la misma, en su forma de comunicaci\u00f3n visual con el mundo. Te ayudamos a crear conceptos para tus desarrollos, contando la historia &#8230; <a title=\"Brading\/Identidad de Marca\" class=\"read-more\" href=\"https:\/\/desarrollos-agencia.com\/a4r\/brading-identidad-de-marca\/\" aria-label=\"Leer m\u00e1s sobre Brading\/Identidad de Marca\">Leer m\u00e1s<\/a><\/p>\n","protected":false},"author":2,"featured_media":0,"parent":0,"menu_order":0,"comment_status":"closed","ping_status":"closed","template":"elementor_header_footer","meta":{"footnotes":""},"class_list":["post-49","page","type-page","status-publish"],"_links":{"self":[{"href":"https:\/\/desarrollos-agencia.com\/a4r\/wp-json\/wp\/v2\/pages\/49"}],"collection":[{"href":"https:\/\/desarrollos-agencia.com\/a4r\/wp-json\/wp\/v2\/pages"}],"about":[{"href":"https:\/\/desarrollos-agencia.com\/a4r\/wp-json\/wp\/v2\/types\/page"}],"author":[{"embeddable":true,"href":"https:\/\/desarrollos-agencia.com\/a4r\/wp-json\/wp\/v2\/users\/2"}],"replies":[{"embeddable":true,"href":"https:\/\/desarrollos-agencia.com\/a4r\/wp-json\/wp\/v2\/comments?post=49"}],"version-history":[{"count":113,"href":"https:\/\/desarrollos-agencia.com\/a4r\/wp-json\/wp\/v2\/pages\/49\/revisions"}],"predecessor-version":[{"id":921,"href":"https:\/\/desarrollos-agencia.com\/a4r\/wp-json\/wp\/v2\/pages\/49\/revisions\/921"}],"wp:attachment":[{"href":"https:\/\/desarrollos-agencia.com\/a4r\/wp-json\/wp\/v2\/media?parent=49"}],"curies":[{"name":"wp","href":"https:\/\/api.w.org\/{rel}","templated":true}]}}