{"id":53,"date":"2024-07-18T17:58:08","date_gmt":"2024-07-18T17:58:08","guid":{"rendered":"https:\/\/desarrollos-agencia.com\/a4r\/?page_id=53"},"modified":"2024-07-19T19:50:23","modified_gmt":"2024-07-19T19:50:23","slug":"generacion-de-leads","status":"publish","type":"page","link":"https:\/\/desarrollos-agencia.com\/a4r\/generacion-de-leads\/","title":{"rendered":"Generaci\u00f3n de Leads"},"content":{"rendered":"\t\t<div data-elementor-type=\"wp-page\" data-elementor-id=\"53\" class=\"elementor elementor-53\" data-elementor-post-type=\"page\">\n\t\t\t\t<div class=\"elementor-element elementor-element-47cfa6f elementor-hidden-desktop elementor-hidden-tablet e-flex e-con-boxed e-con e-parent\" data-id=\"47cfa6f\" data-element_type=\"container\" data-settings=\"{&quot;background_background&quot;:&quot;classic&quot;}\">\n\t\t\t\t\t<div class=\"e-con-inner\">\n\t\t\t\t<div class=\"elementor-element elementor-element-08e606c elementor-widget elementor-widget-button\" data-id=\"08e606c\" data-element_type=\"widget\" data-widget_type=\"button.default\">\n\t\t\t\t<div class=\"elementor-widget-container\">\n\t\t\t\t\t<div class=\"elementor-button-wrapper\">\n\t\t\t<a class=\"elementor-button elementor-button-link elementor-size-sm\" href=\"https:\/\/desarrollos-agencia.com\/a4r\/servicios\/\">\n\t\t\t\t\t\t<span class=\"elementor-button-content-wrapper\">\n\t\t\t\t\t\t<span class=\"elementor-button-icon\">\n\t\t\t\t<svg aria-hidden=\"true\" class=\"e-font-icon-svg e-fas-arrow-left\" viewBox=\"0 0 448 512\" xmlns=\"http:\/\/www.w3.org\/2000\/svg\"><path d=\"M257.5 445.1l-22.2 22.2c-9.4 9.4-24.6 9.4-33.9 0L7 273c-9.4-9.4-9.4-24.6 0-33.9L201.4 44.7c9.4-9.4 24.6-9.4 33.9 0l22.2 22.2c9.5 9.5 9.3 25-.4 34.3L136.6 216H424c13.3 0 24 10.7 24 24v32c0 13.3-10.7 24-24 24H136.6l120.5 114.8c9.8 9.3 10 24.8.4 34.3z\"><\/path><\/svg>\t\t\t<\/span>\n\t\t\t\t\t\t\t\t\t<span class=\"elementor-button-text\">Servicios<\/span>\n\t\t\t\t\t<\/span>\n\t\t\t\t\t<\/a>\n\t\t<\/div>\n\t\t\t\t<\/div>\n\t\t\t\t<\/div>\n\t\t\t\t\t<\/div>\n\t\t\t\t<\/div>\n\t\t<div class=\"elementor-element elementor-element-84274cc e-flex e-con-boxed e-con e-parent\" data-id=\"84274cc\" data-element_type=\"container\" data-settings=\"{&quot;background_background&quot;:&quot;classic&quot;}\">\n\t\t\t\t\t<div class=\"e-con-inner\">\n\t\t\t\t<div class=\"elementor-element elementor-element-6a82403 elementor-widget elementor-widget-heading\" data-id=\"6a82403\" data-element_type=\"widget\" data-widget_type=\"heading.default\">\n\t\t\t\t<div class=\"elementor-widget-container\">\n\t\t\t<style>\/*! elementor - v3.23.0 - 25-07-2024 *\/\n.elementor-heading-title{padding:0;margin:0;line-height:1}.elementor-widget-heading .elementor-heading-title[class*=elementor-size-]>a{color:inherit;font-size:inherit;line-height:inherit}.elementor-widget-heading .elementor-heading-title.elementor-size-small{font-size:15px}.elementor-widget-heading .elementor-heading-title.elementor-size-medium{font-size:19px}.elementor-widget-heading .elementor-heading-title.elementor-size-large{font-size:29px}.elementor-widget-heading .elementor-heading-title.elementor-size-xl{font-size:39px}.elementor-widget-heading .elementor-heading-title.elementor-size-xxl{font-size:59px}<\/style><h2 class=\"elementor-heading-title elementor-size-default\">GENERACI\u00d3N DE LEADS<\/h2>\t\t<\/div>\n\t\t\t\t<\/div>\n\t\t\t\t<div class=\"elementor-element elementor-element-def4426 elementor-widget elementor-widget-text-editor\" data-id=\"def4426\" data-element_type=\"widget\" data-widget_type=\"text-editor.default\">\n\t\t\t\t<div class=\"elementor-widget-container\">\n\t\t\t<style>\/*! elementor - v3.23.0 - 25-07-2024 *\/\n.elementor-widget-text-editor.elementor-drop-cap-view-stacked .elementor-drop-cap{background-color:#69727d;color:#fff}.elementor-widget-text-editor.elementor-drop-cap-view-framed .elementor-drop-cap{color:#69727d;border:3px solid;background-color:transparent}.elementor-widget-text-editor:not(.elementor-drop-cap-view-default) .elementor-drop-cap{margin-top:8px}.elementor-widget-text-editor:not(.elementor-drop-cap-view-default) .elementor-drop-cap-letter{width:1em;height:1em}.elementor-widget-text-editor .elementor-drop-cap{float:left;text-align:center;line-height:1;font-size:50px}.elementor-widget-text-editor .elementor-drop-cap-letter{display:inline-block}<\/style>\t\t\t\t<p>Te ayudamos a generar leads en las principales plataformas, como: Google Ads y Facebook Ads. Para incrementar las posibilidades de negocio a trav\u00e9s de tu p\u00e1gina web y redes sociales, creando ventajas competitivas usando la tecnolog\u00eda a nuestro favor.<\/p>\t\t\t\t\t\t<\/div>\n\t\t\t\t<\/div>\n\t\t\t\t<div class=\"elementor-element elementor-element-cb4814f e-n-tabs-mobile elementor-widget elementor-widget-n-tabs\" data-id=\"cb4814f\" data-element_type=\"widget\" data-widget_type=\"nested-tabs.default\">\n\t\t\t\t<div class=\"elementor-widget-container\">\n\t\t\t\t\t<div class=\"e-n-tabs\" data-widget-number=\"213156175\" aria-label=\"Pesta\u00f1as. Abre elementos con Intro o Espacio, ci\u00e9rralos con Escape y navega con las fechas.\">\n\t\t\t<div class=\"e-n-tabs-heading\" role=\"tablist\">\n\t\t\t\t\t<button id=\"e-n-tab-title-2131561751\" class=\"e-n-tab-title\" aria-selected=\"true\" data-tab-index=\"1\" role=\"tab\" tabindex=\"0\" aria-controls=\"e-n-tab-content-2131561751\" style=\"--n-tabs-title-order: 1;\">\n\t\t\t\t\t\t<span class=\"e-n-tab-title-text\">\n\t\t\t\tMANEJO DE PAUTA\t\t\t<\/span>\n\t\t<\/button>\n\t\t\t\t<button id=\"e-n-tab-title-2131561752\" class=\"e-n-tab-title\" aria-selected=\"false\" data-tab-index=\"2\" role=\"tab\" tabindex=\"-1\" aria-controls=\"e-n-tab-content-2131561752\" style=\"--n-tabs-title-order: 2;\">\n\t\t\t\t\t\t<span class=\"e-n-tab-title-text\">\n\t\t\t\tAUDITOR\u00cdA DIGITAL\t\t\t<\/span>\n\t\t<\/button>\n\t\t\t\t<button id=\"e-n-tab-title-2131561753\" class=\"e-n-tab-title\" aria-selected=\"false\" data-tab-index=\"3\" role=\"tab\" tabindex=\"-1\" aria-controls=\"e-n-tab-content-2131561753\" style=\"--n-tabs-title-order: 3;\">\n\t\t\t\t\t\t<span class=\"e-n-tab-title-text\">\n\t\t\t\tP\u00c1GINAS WEBS\t\t\t<\/span>\n\t\t<\/button>\n\t\t\t\t<button id=\"e-n-tab-title-2131561754\" class=\"e-n-tab-title\" aria-selected=\"false\" data-tab-index=\"4\" role=\"tab\" tabindex=\"-1\" aria-controls=\"e-n-tab-content-2131561754\" style=\"--n-tabs-title-order: 4;\">\n\t\t\t\t\t\t<span class=\"e-n-tab-title-text\">\n\t\t\t\tLANDING PAGE\t\t\t<\/span>\n\t\t<\/button>\n\t\t\t\t<button id=\"e-n-tab-title-2131561755\" class=\"e-n-tab-title\" aria-selected=\"false\" data-tab-index=\"5\" role=\"tab\" tabindex=\"-1\" aria-controls=\"e-n-tab-content-2131561755\" style=\"--n-tabs-title-order: 5;\">\n\t\t\t\t\t\t<span class=\"e-n-tab-title-text\">\n\t\t\t\tBIG DATA &amp; BI\t\t\t<\/span>\n\t\t<\/button>\n\t\t\t\t<button id=\"e-n-tab-title-2131561756\" class=\"e-n-tab-title\" aria-selected=\"false\" data-tab-index=\"6\" role=\"tab\" tabindex=\"-1\" aria-controls=\"e-n-tab-content-2131561756\" style=\"--n-tabs-title-order: 6;\">\n\t\t\t\t\t\t<span class=\"e-n-tab-title-text\">\n\t\t\t\tSEO\t\t\t<\/span>\n\t\t<\/button>\n\t\t\t\t\t<\/div>\n\t\t\t<div class=\"e-n-tabs-content\">\n\t\t\t\t<div id=\"e-n-tab-content-2131561751\" role=\"tabpanel\" aria-labelledby=\"e-n-tab-title-2131561751\" data-tab-index=\"1\" style=\"--n-tabs-title-order: 1;\" class=\"e-active elementor-element elementor-element-9901371 e-con-full e-flex e-con e-child\" data-id=\"9901371\" data-element_type=\"container\">\n\t\t<div class=\"elementor-element elementor-element-0b5a72b e-flex e-con-boxed e-con e-child\" data-id=\"0b5a72b\" data-element_type=\"container\">\n\t\t\t\t\t<div class=\"e-con-inner\">\n\t\t\t\t<div class=\"elementor-element elementor-element-e4bef0e elementor-widget elementor-widget-image\" data-id=\"e4bef0e\" data-element_type=\"widget\" data-widget_type=\"image.default\">\n\t\t\t\t<div class=\"elementor-widget-container\">\n\t\t\t<style>\/*! elementor - v3.23.0 - 25-07-2024 *\/\n.elementor-widget-image{text-align:center}.elementor-widget-image a{display:inline-block}.elementor-widget-image a img[src$=\".svg\"]{width:48px}.elementor-widget-image img{vertical-align:middle;display:inline-block}<\/style>\t\t\t\t\t\t\t\t\t\t<img fetchpriority=\"high\" decoding=\"async\" width=\"1024\" height=\"595\" src=\"https:\/\/desarrollos-agencia.com\/a4r\/wp-content\/uploads\/2024\/07\/MANEJO-DE-PAUTA.webp\" class=\"attachment-full size-full wp-image-525\" alt=\"\" \/>\t\t\t\t\t\t\t\t\t\t\t\t\t<\/div>\n\t\t\t\t<\/div>\n\t\t\t\t<div class=\"elementor-element elementor-element-a37aca9 elementor-widget elementor-widget-text-editor\" data-id=\"a37aca9\" data-element_type=\"widget\" data-widget_type=\"text-editor.default\">\n\t\t\t\t<div class=\"elementor-widget-container\">\n\t\t\t\t\t\t\t<p class=\"qodef-e-text\">En esta nueva era, la generaci\u00f3n de clientes surgen a trav\u00e9s de la publicidad en internet, Google, Facebook y cualquier otra red social donde se encuentre tu target. Te ayudamos desde la segmentaci\u00f3n de tu mercado, presupuesto, dise\u00f1o y la elecci\u00f3n del tipo de anuncio, as\u00ed se podr\u00e1 obtener el mejor lead para tu proyectos o fraccionamiento.<\/p>\t\t\t\t\t\t<\/div>\n\t\t\t\t<\/div>\n\t\t\t\t<div class=\"elementor-element elementor-element-47d9ec0 elementor-hidden-mobile elementor-widget elementor-widget-button\" data-id=\"47d9ec0\" data-element_type=\"widget\" data-widget_type=\"button.default\">\n\t\t\t\t<div class=\"elementor-widget-container\">\n\t\t\t\t\t<div class=\"elementor-button-wrapper\">\n\t\t\t<a class=\"elementor-button elementor-button-link elementor-size-sm\" href=\"https:\/\/desarrollos-agencia.com\/a4r\/contacto\/\">\n\t\t\t\t\t\t<span class=\"elementor-button-content-wrapper\">\n\t\t\t\t\t\t\t\t\t<span class=\"elementor-button-text\">CONT\u00c1CTANOS<\/span>\n\t\t\t\t\t<\/span>\n\t\t\t\t\t<\/a>\n\t\t<\/div>\n\t\t\t\t<\/div>\n\t\t\t\t<\/div>\n\t\t\t\t\t<\/div>\n\t\t\t\t<\/div>\n\t\t\t\t<\/div>\n\t\t<div id=\"e-n-tab-content-2131561752\" role=\"tabpanel\" aria-labelledby=\"e-n-tab-title-2131561752\" data-tab-index=\"2\" style=\"--n-tabs-title-order: 2;\" class=\" elementor-element elementor-element-3ab055b e-con-full e-flex e-con e-child\" data-id=\"3ab055b\" data-element_type=\"container\">\n\t\t<div class=\"elementor-element elementor-element-066cf8f e-flex e-con-boxed e-con e-child\" data-id=\"066cf8f\" data-element_type=\"container\">\n\t\t\t\t\t<div class=\"e-con-inner\">\n\t\t\t\t<div class=\"elementor-element elementor-element-d6039bd elementor-widget elementor-widget-image\" data-id=\"d6039bd\" data-element_type=\"widget\" data-widget_type=\"image.default\">\n\t\t\t\t<div class=\"elementor-widget-container\">\n\t\t\t\t\t\t\t\t\t\t\t\t\t<img decoding=\"async\" width=\"1024\" height=\"595\" src=\"https:\/\/desarrollos-agencia.com\/a4r\/wp-content\/uploads\/2024\/07\/ANALISIS-DE-PRODUCTO.webp\" class=\"attachment-full size-full wp-image-526\" alt=\"\" \/>\t\t\t\t\t\t\t\t\t\t\t\t\t<\/div>\n\t\t\t\t<\/div>\n\t\t\t\t\t<\/div>\n\t\t\t\t<\/div>\n\t\t\t\t<div class=\"elementor-element elementor-element-4bc3673 elementor-widget elementor-widget-text-editor\" data-id=\"4bc3673\" data-element_type=\"widget\" data-widget_type=\"text-editor.default\">\n\t\t\t\t<div class=\"elementor-widget-container\">\n\t\t\t\t\t\t\t<p class=\"qodef-e-text\">Analizamos de manera estrat\u00e9gica la oportunidad de la categor\u00eda para generar los leads por medio digitales, conociendo el porcentaje de inter\u00e9s sobre la categor\u00eda, producto o servicio de la marca. Identificamos las zonas geogr\u00e1ficas de mayor inter\u00e9s y las b\u00fasquedas relacionadas con el producto estrella.<\/p>\t\t\t\t\t\t<\/div>\n\t\t\t\t<\/div>\n\t\t\t\t<div class=\"elementor-element elementor-element-9c251e0 elementor-hidden-mobile elementor-widget elementor-widget-button\" data-id=\"9c251e0\" data-element_type=\"widget\" data-widget_type=\"button.default\">\n\t\t\t\t<div class=\"elementor-widget-container\">\n\t\t\t\t\t<div class=\"elementor-button-wrapper\">\n\t\t\t<a class=\"elementor-button elementor-button-link elementor-size-sm\" href=\"https:\/\/desarrollos-agencia.com\/a4r\/contacto\/\">\n\t\t\t\t\t\t<span class=\"elementor-button-content-wrapper\">\n\t\t\t\t\t\t\t\t\t<span class=\"elementor-button-text\">CONT\u00c1CTANOS<\/span>\n\t\t\t\t\t<\/span>\n\t\t\t\t\t<\/a>\n\t\t<\/div>\n\t\t\t\t<\/div>\n\t\t\t\t<\/div>\n\t\t\t\t<\/div>\n\t\t<div id=\"e-n-tab-content-2131561753\" role=\"tabpanel\" aria-labelledby=\"e-n-tab-title-2131561753\" data-tab-index=\"3\" style=\"--n-tabs-title-order: 3;\" class=\" elementor-element elementor-element-5753090 e-con-full e-flex e-con e-child\" data-id=\"5753090\" data-element_type=\"container\">\n\t\t<div class=\"elementor-element elementor-element-7de70f6 e-flex e-con-boxed e-con e-child\" data-id=\"7de70f6\" data-element_type=\"container\">\n\t\t\t\t\t<div class=\"e-con-inner\">\n\t\t\t\t<div class=\"elementor-element elementor-element-7fa2dea elementor-widget elementor-widget-image\" data-id=\"7fa2dea\" data-element_type=\"widget\" data-widget_type=\"image.default\">\n\t\t\t\t<div class=\"elementor-widget-container\">\n\t\t\t\t\t\t\t\t\t\t\t\t\t<img decoding=\"async\" width=\"1024\" height=\"595\" src=\"https:\/\/desarrollos-agencia.com\/a4r\/wp-content\/uploads\/2024\/07\/PAGINAS-WEB.webp\" class=\"attachment-full size-full wp-image-530\" alt=\"\" \/>\t\t\t\t\t\t\t\t\t\t\t\t\t<\/div>\n\t\t\t\t<\/div>\n\t\t\t\t<div class=\"elementor-element elementor-element-f52805e elementor-widget elementor-widget-text-editor\" data-id=\"f52805e\" data-element_type=\"widget\" data-widget_type=\"text-editor.default\">\n\t\t\t\t<div class=\"elementor-widget-container\">\n\t\t\t\t\t\t\t<p class=\"qodef-e-text\">Entendemos la necesidad de crear y actualizar tu p\u00e1gina web, con el objetivo de generar leads, por lo que te ofrecemos un sistema privado y con actualizaci\u00f3n continua para administrar tus diferentes proyectos en las diferentes ciudades donde tengas presencia. Te ayudamos a dise\u00f1ar tu p\u00e1gina con el branding de tu marca y lineamientos de comunicaci\u00f3n.<\/p>\t\t\t\t\t\t<\/div>\n\t\t\t\t<\/div>\n\t\t\t\t<div class=\"elementor-element elementor-element-1f9bc92 elementor-hidden-mobile elementor-widget elementor-widget-button\" data-id=\"1f9bc92\" data-element_type=\"widget\" data-widget_type=\"button.default\">\n\t\t\t\t<div class=\"elementor-widget-container\">\n\t\t\t\t\t<div class=\"elementor-button-wrapper\">\n\t\t\t<a class=\"elementor-button elementor-button-link elementor-size-sm\" href=\"https:\/\/desarrollos-agencia.com\/a4r\/contacto\/\">\n\t\t\t\t\t\t<span class=\"elementor-button-content-wrapper\">\n\t\t\t\t\t\t\t\t\t<span class=\"elementor-button-text\">CONT\u00c1CTANOS<\/span>\n\t\t\t\t\t<\/span>\n\t\t\t\t\t<\/a>\n\t\t<\/div>\n\t\t\t\t<\/div>\n\t\t\t\t<\/div>\n\t\t\t\t\t<\/div>\n\t\t\t\t<\/div>\n\t\t\t\t<\/div>\n\t\t<div id=\"e-n-tab-content-2131561754\" role=\"tabpanel\" aria-labelledby=\"e-n-tab-title-2131561754\" data-tab-index=\"4\" style=\"--n-tabs-title-order: 4;\" class=\" elementor-element elementor-element-e47e435 e-flex e-con-boxed e-con e-child\" data-id=\"e47e435\" data-element_type=\"container\">\n\t\t\t\t\t<div class=\"e-con-inner\">\n\t\t<div class=\"elementor-element elementor-element-f524ec9 e-con-full e-flex e-con e-child\" data-id=\"f524ec9\" data-element_type=\"container\">\n\t\t\t\t<div class=\"elementor-element elementor-element-b10a08e elementor-widget elementor-widget-image\" data-id=\"b10a08e\" data-element_type=\"widget\" data-widget_type=\"image.default\">\n\t\t\t\t<div class=\"elementor-widget-container\">\n\t\t\t\t\t\t\t\t\t\t\t\t\t<img loading=\"lazy\" decoding=\"async\" width=\"1024\" height=\"595\" src=\"https:\/\/desarrollos-agencia.com\/a4r\/wp-content\/uploads\/2024\/07\/LANDING.webp\" class=\"attachment-full size-full wp-image-531\" alt=\"\" \/>\t\t\t\t\t\t\t\t\t\t\t\t\t<\/div>\n\t\t\t\t<\/div>\n\t\t\t\t<div class=\"elementor-element elementor-element-878d87b elementor-widget elementor-widget-text-editor\" data-id=\"878d87b\" data-element_type=\"widget\" data-widget_type=\"text-editor.default\">\n\t\t\t\t<div class=\"elementor-widget-container\">\n\t\t\t\t\t\t\t<p class=\"qodef-e-text\">Si quieres impulsar un proyecto nuevo o quieres generar m\u00e1s leads para un proyecto en espec\u00edfico, te ofrecemos como soluci\u00f3n enfocar los esfuerzos de Google Ads hacia una landig y comenzar tu funnel de ventas de conversi\u00f3n con los leads generados.<\/p>\t\t\t\t\t\t<\/div>\n\t\t\t\t<\/div>\n\t\t\t\t<div class=\"elementor-element elementor-element-0f72e0c elementor-hidden-mobile elementor-widget elementor-widget-button\" data-id=\"0f72e0c\" data-element_type=\"widget\" data-widget_type=\"button.default\">\n\t\t\t\t<div class=\"elementor-widget-container\">\n\t\t\t\t\t<div class=\"elementor-button-wrapper\">\n\t\t\t<a class=\"elementor-button elementor-button-link elementor-size-sm\" href=\"https:\/\/desarrollos-agencia.com\/a4r\/contacto\/\">\n\t\t\t\t\t\t<span class=\"elementor-button-content-wrapper\">\n\t\t\t\t\t\t\t\t\t<span class=\"elementor-button-text\">CONT\u00c1CTANOS<\/span>\n\t\t\t\t\t<\/span>\n\t\t\t\t\t<\/a>\n\t\t<\/div>\n\t\t\t\t<\/div>\n\t\t\t\t<\/div>\n\t\t\t\t<\/div>\n\t\t\t\t\t<\/div>\n\t\t\t\t<\/div>\n\t\t<div id=\"e-n-tab-content-2131561755\" role=\"tabpanel\" aria-labelledby=\"e-n-tab-title-2131561755\" data-tab-index=\"5\" style=\"--n-tabs-title-order: 5;\" class=\" elementor-element elementor-element-c3f5732 e-flex e-con-boxed e-con e-child\" data-id=\"c3f5732\" data-element_type=\"container\">\n\t\t\t\t\t<div class=\"e-con-inner\">\n\t\t<div class=\"elementor-element elementor-element-50761b5 e-con-full e-flex e-con e-child\" data-id=\"50761b5\" data-element_type=\"container\">\n\t\t\t\t<div class=\"elementor-element elementor-element-5356ff2 elementor-widget elementor-widget-image\" data-id=\"5356ff2\" data-element_type=\"widget\" data-widget_type=\"image.default\">\n\t\t\t\t<div class=\"elementor-widget-container\">\n\t\t\t\t\t\t\t\t\t\t\t\t\t<img loading=\"lazy\" decoding=\"async\" width=\"1024\" height=\"595\" src=\"https:\/\/desarrollos-agencia.com\/a4r\/wp-content\/uploads\/2024\/07\/BIG-DATA.webp\" class=\"attachment-full size-full wp-image-532\" alt=\"\" \/>\t\t\t\t\t\t\t\t\t\t\t\t\t<\/div>\n\t\t\t\t<\/div>\n\t\t\t\t<div class=\"elementor-element elementor-element-3b39d4f elementor-widget elementor-widget-text-editor\" data-id=\"3b39d4f\" data-element_type=\"widget\" data-widget_type=\"text-editor.default\">\n\t\t\t\t<div class=\"elementor-widget-container\">\n\t\t\t\t\t\t\t<p class=\"qodef-e-text\">Creamos un ecosistema digital con base en la conexi\u00f3n y configuraci\u00f3n de diferentes plataformas para recopilar informaci\u00f3n del cliente en los diferentes medios digitales. De esta manera, podemeos identificar patrones de conducta del consumidor para beneficio de la estrategia digital.<\/p>\t\t\t\t\t\t<\/div>\n\t\t\t\t<\/div>\n\t\t\t\t<div class=\"elementor-element elementor-element-be41c81 elementor-hidden-mobile elementor-widget elementor-widget-button\" data-id=\"be41c81\" data-element_type=\"widget\" data-widget_type=\"button.default\">\n\t\t\t\t<div class=\"elementor-widget-container\">\n\t\t\t\t\t<div class=\"elementor-button-wrapper\">\n\t\t\t<a class=\"elementor-button elementor-button-link elementor-size-sm\" href=\"https:\/\/desarrollos-agencia.com\/a4r\/contacto\/\">\n\t\t\t\t\t\t<span class=\"elementor-button-content-wrapper\">\n\t\t\t\t\t\t\t\t\t<span class=\"elementor-button-text\">CONT\u00c1CTANOS<\/span>\n\t\t\t\t\t<\/span>\n\t\t\t\t\t<\/a>\n\t\t<\/div>\n\t\t\t\t<\/div>\n\t\t\t\t<\/div>\n\t\t\t\t<\/div>\n\t\t\t\t\t<\/div>\n\t\t\t\t<\/div>\n\t\t<div id=\"e-n-tab-content-2131561756\" role=\"tabpanel\" aria-labelledby=\"e-n-tab-title-2131561756\" data-tab-index=\"6\" style=\"--n-tabs-title-order: 6;\" class=\" elementor-element elementor-element-6dda03b e-flex e-con-boxed e-con e-child\" data-id=\"6dda03b\" data-element_type=\"container\">\n\t\t\t\t\t<div class=\"e-con-inner\">\n\t\t<div class=\"elementor-element elementor-element-28fed64 e-con-full e-flex e-con e-child\" data-id=\"28fed64\" data-element_type=\"container\">\n\t\t\t\t<div class=\"elementor-element elementor-element-71fbcaa elementor-widget elementor-widget-image\" data-id=\"71fbcaa\" data-element_type=\"widget\" data-widget_type=\"image.default\">\n\t\t\t\t<div class=\"elementor-widget-container\">\n\t\t\t\t\t\t\t\t\t\t\t\t\t<img loading=\"lazy\" decoding=\"async\" width=\"1024\" height=\"595\" src=\"https:\/\/desarrollos-agencia.com\/a4r\/wp-content\/uploads\/2024\/07\/SEO.webp\" class=\"attachment-full size-full wp-image-533\" alt=\"\" \/>\t\t\t\t\t\t\t\t\t\t\t\t\t<\/div>\n\t\t\t\t<\/div>\n\t\t\t\t<div class=\"elementor-element elementor-element-61619dc elementor-widget elementor-widget-text-editor\" data-id=\"61619dc\" data-element_type=\"widget\" data-widget_type=\"text-editor.default\">\n\t\t\t\t<div class=\"elementor-widget-container\">\n\t\t\t\t\t\t\t<p class=\"qodef-e-text\">Optimizamos los diferentes canales digitales de la marca para un posicionamiento de manera org\u00e1nica (\u201cgratuita\u201d) y obtener un incremento en la exposici\u00f3n de la marca sin invertir en campa\u00f1as pagadas, logrando convertir leads a trav\u00e9s de tu sitio web.<\/p>\t\t\t\t\t\t<\/div>\n\t\t\t\t<\/div>\n\t\t\t\t<div class=\"elementor-element elementor-element-de3adc6 elementor-hidden-mobile elementor-widget elementor-widget-button\" data-id=\"de3adc6\" data-element_type=\"widget\" data-widget_type=\"button.default\">\n\t\t\t\t<div class=\"elementor-widget-container\">\n\t\t\t\t\t<div class=\"elementor-button-wrapper\">\n\t\t\t<a class=\"elementor-button elementor-button-link elementor-size-sm\" href=\"https:\/\/desarrollos-agencia.com\/a4r\/contacto\/\">\n\t\t\t\t\t\t<span class=\"elementor-button-content-wrapper\">\n\t\t\t\t\t\t\t\t\t<span class=\"elementor-button-text\">CONT\u00c1CTANOS<\/span>\n\t\t\t\t\t<\/span>\n\t\t\t\t\t<\/a>\n\t\t<\/div>\n\t\t\t\t<\/div>\n\t\t\t\t<\/div>\n\t\t\t\t<\/div>\n\t\t\t\t\t<\/div>\n\t\t\t\t<\/div>\n\t\t\t\t\t<\/div>\n\t\t<\/div>\n\t\t\t\t<\/div>\n\t\t\t\t<\/div>\n\t\t\t\t\t<\/div>\n\t\t\t\t<\/div>\n\t\t\t\t<\/div>\n\t\t","protected":false},"excerpt":{"rendered":"<p>Servicios GENERACI\u00d3N DE LEADS Te ayudamos a generar leads en las principales plataformas, como: Google Ads y Facebook Ads. Para incrementar las posibilidades de negocio a trav\u00e9s de tu p\u00e1gina web y redes sociales, creando ventajas competitivas usando la tecnolog\u00eda a nuestro favor. MANEJO DE PAUTA AUDITOR\u00cdA DIGITAL P\u00c1GINAS WEBS LANDING PAGE BIG DATA &amp; &#8230; <a title=\"Generaci\u00f3n de Leads\" class=\"read-more\" href=\"https:\/\/desarrollos-agencia.com\/a4r\/generacion-de-leads\/\" aria-label=\"Leer m\u00e1s sobre Generaci\u00f3n de Leads\">Leer m\u00e1s<\/a><\/p>\n","protected":false},"author":2,"featured_media":0,"parent":0,"menu_order":0,"comment_status":"closed","ping_status":"closed","template":"elementor_header_footer","meta":{"footnotes":""},"class_list":["post-53","page","type-page","status-publish"],"_links":{"self":[{"href":"https:\/\/desarrollos-agencia.com\/a4r\/wp-json\/wp\/v2\/pages\/53"}],"collection":[{"href":"https:\/\/desarrollos-agencia.com\/a4r\/wp-json\/wp\/v2\/pages"}],"about":[{"href":"https:\/\/desarrollos-agencia.com\/a4r\/wp-json\/wp\/v2\/types\/page"}],"author":[{"embeddable":true,"href":"https:\/\/desarrollos-agencia.com\/a4r\/wp-json\/wp\/v2\/users\/2"}],"replies":[{"embeddable":true,"href":"https:\/\/desarrollos-agencia.com\/a4r\/wp-json\/wp\/v2\/comments?post=53"}],"version-history":[{"count":37,"href":"https:\/\/desarrollos-agencia.com\/a4r\/wp-json\/wp\/v2\/pages\/53\/revisions"}],"predecessor-version":[{"id":939,"href":"https:\/\/desarrollos-agencia.com\/a4r\/wp-json\/wp\/v2\/pages\/53\/revisions\/939"}],"wp:attachment":[{"href":"https:\/\/desarrollos-agencia.com\/a4r\/wp-json\/wp\/v2\/media?parent=53"}],"curies":[{"name":"wp","href":"https:\/\/api.w.org\/{rel}","templated":true}]}}